{"id":922,"date":"2024-01-20T10:54:17","date_gmt":"2024-01-20T09:54:17","guid":{"rendered":"https:\/\/al-climatisation.fr\/?page_id=922"},"modified":"2024-02-04T19:57:44","modified_gmt":"2024-02-04T18:57:44","slug":"mentions-legales","status":"publish","type":"page","link":"https:\/\/al-climatisation.fr\/index.php\/mentions-legales\/","title":{"rendered":"Mentions l\u00e9gales"},"content":{"rendered":"\n<div class=\"wp-block-group is-layout-flow wp-block-group-is-layout-flow\">\n<div style=\"height:0px\" aria-hidden=\"true\" class=\"wp-block-spacer\"><\/div>\n\n\n\n<p><strong>En vigueur au 01\/05\/2022<\/strong><\/p>\n\n\n\n<p>Le&nbsp;Directeur&nbsp;de&nbsp;la publication est :&nbsp;<strong>Lilian Gout.<\/strong><\/p>\n<\/div>\n\n\n\n<p><strong>\u00c9DITEUR<\/strong><\/p>\n\n\n\n<p>Le pr\u00e9sent site <strong>www.al-climatisation.fr<\/strong> est publi\u00e9 par la SAS AL Climatisation, immatricul\u00e9e au registre du commerce et des soci\u00e9t\u00e9s sous le num\u00e9ro B 913 096 103 00027 avec un num\u00e9ro de TVA intracommunautaire FR76913096103 dont le si\u00e8ge social est situ\u00e9 au 1 Rue Du Commerce &#8211; 51350 Cormontreuil repr\u00e9sent\u00e9e par&nbsp;<strong>Lilian Gout<\/strong>, en sa qualit\u00e9 de&nbsp;<strong>Pr\u00e9sident.<\/strong><\/p>\n\n\n\n<p>Num\u00e9ro de SIRET :&nbsp;91309610300027<\/p>\n\n\n\n<p>Num\u00e9ro de t\u00e9l\u00e9phone : 03 68 38 22 02<\/p>\n\n\n\n<p>E-mail&nbsp;:&nbsp;<strong>contact@al-climatisation.fr<\/strong><\/p>\n\n\n\n<p><strong>H\u00c9BERGEUR<\/strong><\/p>\n\n\n\n<p>L\u2019h\u00e9bergeur du site est&nbsp;<strong>OVH,&nbsp;<\/strong>SAS au capital de 10 000 000 \u20ac immatricul\u00e9e au RCS Roubaix \u2013 Tourcoing 424 761 419 00045, Code APE 6202A, N\u00b0 TVA : FR 22 424 761&nbsp;419.<\/p>\n\n\n\n<p>Dont le Si\u00e8ge social est sis : 2 rue Kellermann \u2013 59100 Roubaix \u2013 France.<\/p>\n\n\n\n<p><strong>ACC\u00c8S AU SITE<\/strong><\/p>\n\n\n\n<p>Le Site est accessible en tout endroit, 7j\/7, 24h\/24 sauf cas de force majeure, interruption programm\u00e9e ou non et pouvant d\u00e9coulant d\u2019une n\u00e9cessit\u00e9 de maintenance.<\/p>\n\n\n\n<p>En cas de modification, interruption ou suspension du Site, l&rsquo;Editeur ne saurait \u00eatre tenu responsable.<\/p>\n\n\n\n<p><strong>PROPRI\u00c9T\u00c9 INTELLECTUELLE<\/strong><\/p>\n\n\n\n<p>L\u2019ensemble du contenu de ce site est r\u00e9gi par le code de la Propri\u00e9t\u00e9 Intellectuelle.<\/p>\n\n\n\n<p>L\u2019ensemble des \u00e9l\u00e9ments figurant sur le site, notamment les d\u00e9nominations ou appellations, les logos, les images, les marques, la charte graphique, ic\u00f4nes, textes, slogans, le nom des produits et des services est la propri\u00e9t\u00e9 exclusive de <strong>Lilian Gout.<\/strong><\/p>\n\n\n\n<p>Toute reproduction, repr\u00e9sentation, modification, publication, adaptation totale ou partielle des \u00e9l\u00e9ments du site, quel que soit le moyen ou le proc\u00e9d\u00e9 utilis\u00e9, est interdite, sauf autorisation \u00e9crite pr\u00e9alable \u00e0 l\u2019email :\u00a0<strong><a href=\"mailto:contact@al-climatisation.fr\">contact@al-climatisation.fr<\/a>.<\/strong><\/p>\n\n\n\n<p>Toute exploitation non autoris\u00e9e du site ou de l\u2019un quelconque de ces \u00e9l\u00e9ments qu\u2019il contient sera consid\u00e9r\u00e9e comme constitutive d\u2019une contrefa\u00e7on et poursuivie conform\u00e9ment aux dispositions des articles L.335-2 et suivants du Code de Propri\u00e9t\u00e9 Intellectuelle.<\/p>\n\n\n\n<p><strong>DROITS RELATIFS AUX DONN\u00c9ES PERSONNELLES<\/strong><\/p>\n\n\n\n<p><strong>Lilian Gout <\/strong>s\u2019engage \u00e0 prot\u00e9ger la vie priv\u00e9e de ses utilisateurs dans le respect des r\u00e9glementations en vigueur et en particulier la loi n\u00b078-17 relative \u00e0 l\u2019informatique, aux fichiers et aux libert\u00e9s, ainsi qu\u2019au r\u00e8glement g\u00e9n\u00e9ral europ\u00e9en (UE) 2016\/679 relatif \u00e0 la protection des personnes physiques \u00e0 l\u2019\u00e9gard du traitement des donn\u00e9es \u00e0 caract\u00e8re personnel et \u00e0 la libre circulation de ces donn\u00e9es.<\/p>\n\n\n\n<p>Les utilisateurs disposent, sur leurs donn\u00e9es, des droit d\u2019acc\u00e8s, droit de rectification, droit \u00e0 l\u2019effacement (droit \u00e0 l\u2019oubli), droit d\u2019opposition, droit \u00e0 la limitation du traitement, droit \u00e0 la portabilit\u00e9 en utilisant l\u2019adresse&nbsp;<a href=\"mailto:contact@al-climatisation.fr\"><strong>contact@al-climatisation.fr<\/strong><\/a><strong>.<\/strong><\/p>\n\n\n\n<p><strong>LIENS HYPERTEXTE<\/strong><\/p>\n\n\n\n<p>Toute mise en place d\u2019un lien hypertexte permettant l\u2019acc\u00e8s au site <strong>www.al-climatisation.fr<\/strong> doit faire l\u2019objet d\u2019une autorisation expresse et pr\u00e9alable de la soci\u00e9t\u00e9&nbsp;<strong>Lilian Gout<\/strong>, qui se r\u00e9serve la possibilit\u00e9 de faire supprimer ce lien \u00e0 tout moment. Seuls sont autoris\u00e9s les liens hypertextes renvoyant \u00e0 la page d\u2019accueil du site&nbsp;<strong>www.al-climatisation.fr.<\/strong><\/p>\n\n\n\n<p>Vous devez en cons\u00e9quence prendre contact via le formulaire contact du pr\u00e9sent site.<\/p>\n\n\n\n<p>Le Site peut contenir des liens vers d&rsquo;autres sites sur lesquels l&rsquo;\u00c9diteur n&rsquo;a aucun contr\u00f4le. Il d\u00e9cline toute responsabilit\u00e9 quant au contenu de ces sites.<\/p>\n\n\n\n<p><strong>LITIGES<\/strong><\/p>\n\n\n\n<p>En cas de litige li\u00e9 \u00e0 l&rsquo;utilisation du site, la juridiction comp\u00e9tente est celle indiqu\u00e9e par la l\u00e9gislation en vigueur.<\/p>\n\n\n\n<p><strong>DROIT APPLICABLE<\/strong><\/p>\n\n\n\n<p>Le pr\u00e9sent site et ses mentions l\u00e9gales sont soumis au droit fran\u00e7ais.<\/p>\n\n\n\n<p>Toute utilisation, reproduction, diffusion, commercialisation, modification de toute ou partie du Site, sans autorisation de l\u2019Editeur est prohib\u00e9e et pourra entra\u00een\u00e9e des actions et poursuites judiciaires telles que notamment pr\u00e9vues par le Code de la propri\u00e9t\u00e9 intellectuelle et le Code civil.<\/p>\n\n\n\n<div style=\"height:100px\" aria-hidden=\"true\" class=\"wp-block-spacer\"><\/div>\n","protected":false},"excerpt":{"rendered":"<p>En vigueur au 01\/05\/2022 Le&nbsp;Directeur&nbsp;de&nbsp;la publication est :&nbsp;Lilian Gout. \u00c9DITEUR Le pr\u00e9sent site www.al-climatisation.fr est publi\u00e9 par la SAS AL Climatisation, immatricul\u00e9e au registre du commerce et des soci\u00e9t\u00e9s sous le num\u00e9ro B 913 096 103 00027 avec un num\u00e9ro de TVA intracommunautaire FR76913096103 dont le si\u00e8ge social est situ\u00e9 au 1 Rue Du Commerce [&hellip;]<\/p>\n","protected":false},"author":1,"featured_media":0,"parent":0,"menu_order":0,"comment_status":"closed","ping_status":"closed","template":"","meta":{"_coblocks_attr":"","_coblocks_dimensions":"","_coblocks_responsive_height":"","_coblocks_accordion_ie_support":"","footnotes":""},"class_list":["post-922","page","type-page","status-publish","hentry"],"yoast_head":"<!-- This site is optimized with the Yoast SEO plugin v24.9 - https:\/\/yoast.com\/wordpress\/plugins\/seo\/ -->\n<title>Mentions l\u00e9gales - AL CLIMATISATION<\/title>\n<meta name=\"description\" content=\"Identit\u00e9 de l&#039;\u00e9diteur, coordonn\u00e9es, politique de confidentialit\u00e9, conditions d&#039;utilisation, et droits d&#039;auteur, pour la conformit\u00e9 du site.\" \/>\n<meta name=\"robots\" content=\"index, follow, max-snippet:-1, max-image-preview:large, max-video-preview:-1\" \/>\n<link rel=\"canonical\" href=\"https:\/\/al-climatisation.fr\/index.php\/mentions-legales\/\" \/>\n<meta property=\"og:locale\" content=\"fr_FR\" \/>\n<meta property=\"og:type\" content=\"article\" \/>\n<meta property=\"og:title\" content=\"Mentions l\u00e9gales - AL CLIMATISATION\" \/>\n<meta property=\"og:description\" content=\"Identit\u00e9 de l&#039;\u00e9diteur, coordonn\u00e9es, politique de confidentialit\u00e9, conditions d&#039;utilisation, et droits d&#039;auteur, pour la conformit\u00e9 du site.\" \/>\n<meta property=\"og:url\" content=\"https:\/\/al-climatisation.fr\/index.php\/mentions-legales\/\" \/>\n<meta property=\"og:site_name\" content=\"AL CLIMATISATION\" \/>\n<meta property=\"article:publisher\" content=\"https:\/\/www.facebook.com\/profile.php?id=100083103140325\" \/>\n<meta property=\"article:modified_time\" content=\"2024-02-04T18:57:44+00:00\" \/>\n<meta name=\"twitter:card\" content=\"summary_large_image\" \/>\n<meta name=\"twitter:label1\" content=\"Dur\u00e9e de lecture estim\u00e9e\" \/>\n\t<meta name=\"twitter:data1\" content=\"3 minutes\" \/>\n<script type=\"application\/ld+json\" class=\"yoast-schema-graph\">{\"@context\":\"https:\/\/schema.org\",\"@graph\":[{\"@type\":\"WebPage\",\"@id\":\"https:\/\/al-climatisation.fr\/index.php\/mentions-legales\/\",\"url\":\"https:\/\/al-climatisation.fr\/index.php\/mentions-legales\/\",\"name\":\"Mentions l\u00e9gales - AL CLIMATISATION\",\"isPartOf\":{\"@id\":\"https:\/\/al-climatisation.fr\/#website\"},\"datePublished\":\"2024-01-20T09:54:17+00:00\",\"dateModified\":\"2024-02-04T18:57:44+00:00\",\"description\":\"Identit\u00e9 de l'\u00e9diteur, coordonn\u00e9es, politique de confidentialit\u00e9, conditions d'utilisation, et droits d'auteur, pour la conformit\u00e9 du site.\",\"breadcrumb\":{\"@id\":\"https:\/\/al-climatisation.fr\/index.php\/mentions-legales\/#breadcrumb\"},\"inLanguage\":\"fr-FR\",\"potentialAction\":[{\"@type\":\"ReadAction\",\"target\":[\"https:\/\/al-climatisation.fr\/index.php\/mentions-legales\/\"]}]},{\"@type\":\"BreadcrumbList\",\"@id\":\"https:\/\/al-climatisation.fr\/index.php\/mentions-legales\/#breadcrumb\",\"itemListElement\":[{\"@type\":\"ListItem\",\"position\":1,\"name\":\"Accueil\",\"item\":\"https:\/\/al-climatisation.fr\/\"},{\"@type\":\"ListItem\",\"position\":2,\"name\":\"Mentions l\u00e9gales\"}]},{\"@type\":\"WebSite\",\"@id\":\"https:\/\/al-climatisation.fr\/#website\",\"url\":\"https:\/\/al-climatisation.fr\/\",\"name\":\"AL CLIMATISATION\",\"description\":\"Expert pour vos pompes \u00e0 chaleur\",\"publisher\":{\"@id\":\"https:\/\/al-climatisation.fr\/#organization\"},\"potentialAction\":[{\"@type\":\"SearchAction\",\"target\":{\"@type\":\"EntryPoint\",\"urlTemplate\":\"https:\/\/al-climatisation.fr\/?s={search_term_string}\"},\"query-input\":{\"@type\":\"PropertyValueSpecification\",\"valueRequired\":true,\"valueName\":\"search_term_string\"}}],\"inLanguage\":\"fr-FR\"},{\"@type\":\"Organization\",\"@id\":\"https:\/\/al-climatisation.fr\/#organization\",\"name\":\"AL CLIMATISATION\",\"url\":\"https:\/\/al-climatisation.fr\/\",\"logo\":{\"@type\":\"ImageObject\",\"inLanguage\":\"fr-FR\",\"@id\":\"https:\/\/al-climatisation.fr\/#\/schema\/logo\/image\/\",\"url\":\"https:\/\/al-climatisation.fr\/wp-content\/uploads\/2022\/08\/cropped-IMG_1307-1.png\",\"contentUrl\":\"https:\/\/al-climatisation.fr\/wp-content\/uploads\/2022\/08\/cropped-IMG_1307-1.png\",\"width\":2475,\"height\":2475,\"caption\":\"AL CLIMATISATION\"},\"image\":{\"@id\":\"https:\/\/al-climatisation.fr\/#\/schema\/logo\/image\/\"},\"sameAs\":[\"https:\/\/www.facebook.com\/profile.php?id=100083103140325\",\"https:\/\/instagram.com\/Al.climatisation\",\"https:\/\/www.linkedin.com\/company\/al-climatisation\/\"]}]}<\/script>\n<!-- \/ Yoast SEO plugin. -->","yoast_head_json":{"title":"Mentions l\u00e9gales - AL CLIMATISATION","description":"Identit\u00e9 de l'\u00e9diteur, coordonn\u00e9es, politique de confidentialit\u00e9, conditions d'utilisation, et droits d'auteur, pour la conformit\u00e9 du site.","robots":{"index":"index","follow":"follow","max-snippet":"max-snippet:-1","max-image-preview":"max-image-preview:large","max-video-preview":"max-video-preview:-1"},"canonical":"https:\/\/al-climatisation.fr\/index.php\/mentions-legales\/","og_locale":"fr_FR","og_type":"article","og_title":"Mentions l\u00e9gales - AL CLIMATISATION","og_description":"Identit\u00e9 de l'\u00e9diteur, coordonn\u00e9es, politique de confidentialit\u00e9, conditions d'utilisation, et droits d'auteur, pour la conformit\u00e9 du site.","og_url":"https:\/\/al-climatisation.fr\/index.php\/mentions-legales\/","og_site_name":"AL CLIMATISATION","article_publisher":"https:\/\/www.facebook.com\/profile.php?id=100083103140325","article_modified_time":"2024-02-04T18:57:44+00:00","twitter_card":"summary_large_image","twitter_misc":{"Dur\u00e9e de lecture estim\u00e9e":"3 minutes"},"schema":{"@context":"https:\/\/schema.org","@graph":[{"@type":"WebPage","@id":"https:\/\/al-climatisation.fr\/index.php\/mentions-legales\/","url":"https:\/\/al-climatisation.fr\/index.php\/mentions-legales\/","name":"Mentions l\u00e9gales - AL CLIMATISATION","isPartOf":{"@id":"https:\/\/al-climatisation.fr\/#website"},"datePublished":"2024-01-20T09:54:17+00:00","dateModified":"2024-02-04T18:57:44+00:00","description":"Identit\u00e9 de l'\u00e9diteur, coordonn\u00e9es, politique de confidentialit\u00e9, conditions d'utilisation, et droits d'auteur, pour la conformit\u00e9 du site.","breadcrumb":{"@id":"https:\/\/al-climatisation.fr\/index.php\/mentions-legales\/#breadcrumb"},"inLanguage":"fr-FR","potentialAction":[{"@type":"ReadAction","target":["https:\/\/al-climatisation.fr\/index.php\/mentions-legales\/"]}]},{"@type":"BreadcrumbList","@id":"https:\/\/al-climatisation.fr\/index.php\/mentions-legales\/#breadcrumb","itemListElement":[{"@type":"ListItem","position":1,"name":"Accueil","item":"https:\/\/al-climatisation.fr\/"},{"@type":"ListItem","position":2,"name":"Mentions l\u00e9gales"}]},{"@type":"WebSite","@id":"https:\/\/al-climatisation.fr\/#website","url":"https:\/\/al-climatisation.fr\/","name":"AL CLIMATISATION","description":"Expert pour vos pompes \u00e0 chaleur","publisher":{"@id":"https:\/\/al-climatisation.fr\/#organization"},"potentialAction":[{"@type":"SearchAction","target":{"@type":"EntryPoint","urlTemplate":"https:\/\/al-climatisation.fr\/?s={search_term_string}"},"query-input":{"@type":"PropertyValueSpecification","valueRequired":true,"valueName":"search_term_string"}}],"inLanguage":"fr-FR"},{"@type":"Organization","@id":"https:\/\/al-climatisation.fr\/#organization","name":"AL CLIMATISATION","url":"https:\/\/al-climatisation.fr\/","logo":{"@type":"ImageObject","inLanguage":"fr-FR","@id":"https:\/\/al-climatisation.fr\/#\/schema\/logo\/image\/","url":"https:\/\/al-climatisation.fr\/wp-content\/uploads\/2022\/08\/cropped-IMG_1307-1.png","contentUrl":"https:\/\/al-climatisation.fr\/wp-content\/uploads\/2022\/08\/cropped-IMG_1307-1.png","width":2475,"height":2475,"caption":"AL CLIMATISATION"},"image":{"@id":"https:\/\/al-climatisation.fr\/#\/schema\/logo\/image\/"},"sameAs":["https:\/\/www.facebook.com\/profile.php?id=100083103140325","https:\/\/instagram.com\/Al.climatisation","https:\/\/www.linkedin.com\/company\/al-climatisation\/"]}]}},"jetpack_sharing_enabled":true,"_links":{"self":[{"href":"https:\/\/al-climatisation.fr\/index.php\/wp-json\/wp\/v2\/pages\/922"}],"collection":[{"href":"https:\/\/al-climatisation.fr\/index.php\/wp-json\/wp\/v2\/pages"}],"about":[{"href":"https:\/\/al-climatisation.fr\/index.php\/wp-json\/wp\/v2\/types\/page"}],"author":[{"embeddable":true,"href":"https:\/\/al-climatisation.fr\/index.php\/wp-json\/wp\/v2\/users\/1"}],"replies":[{"embeddable":true,"href":"https:\/\/al-climatisation.fr\/index.php\/wp-json\/wp\/v2\/comments?post=922"}],"version-history":[{"count":6,"href":"https:\/\/al-climatisation.fr\/index.php\/wp-json\/wp\/v2\/pages\/922\/revisions"}],"predecessor-version":[{"id":1688,"href":"https:\/\/al-climatisation.fr\/index.php\/wp-json\/wp\/v2\/pages\/922\/revisions\/1688"}],"wp:attachment":[{"href":"https:\/\/al-climatisation.fr\/index.php\/wp-json\/wp\/v2\/media?parent=922"}],"curies":[{"name":"wp","href":"https:\/\/api.w.org\/{rel}","templated":true}]}}