{"id":79,"date":"2022-08-24T20:27:28","date_gmt":"2022-08-24T18:27:28","guid":{"rendered":"http:\/\/al-climatisation.fr\/?page_id=79"},"modified":"2024-01-23T20:57:19","modified_gmt":"2024-01-23T19:57:19","slug":"accueil","status":"publish","type":"page","link":"https:\/\/al-climatisation.fr\/","title":{"rendered":"Accueil"},"content":{"rendered":"\n<div class=\"wp-block-group alignfull has-white-color has-text-color has-background mt-0 is-layout-flow wp-container-core-group-is-layout-1 wp-block-group-is-layout-flow\" style=\"border-style:none;border-width:0px;border-radius:0px;background-color:#8abfcf;min-height:0px;margin-top:0;margin-bottom:0;padding-top:0;padding-right:0;padding-bottom:0;padding-left:0\">\n<pre class=\"wp-block-verse is-style-default has-24-font-size coblocks-animate\" style=\"font-style:normal;font-weight:600\" data-coblocks-animation=\"slideInRight\">Bienvenue sur le site d'AL Climatisation<\/pre>\n\n\n\n<div class=\"wp-block-cover alignwide has-parallax is-style-default mb-0 mt-0\" style=\"border-style:none;border-width:0px;border-radius:0px;margin-top:0;margin-bottom:0\"><span aria-hidden=\"true\" class=\"wp-block-cover__background has-background-dim-20 has-background-dim\"><\/span><div role=\"img\" class=\"wp-block-cover__image-background wp-image-1289 has-parallax\" style=\"background-position:50% 50%;background-image:url(https:\/\/al-climatisation.fr\/wp-content\/uploads\/2022\/09\/crop-0-0-1170-1534-0-IMG_2798.jpg)\"><\/div><div class=\"wp-block-cover__inner-container has-global-padding is-layout-constrained wp-block-cover-is-layout-constrained\">\n<h2 class=\"wp-block-heading has-text-align-center coblocks-animate\" data-coblocks-animation=\"fadeIn\">Accueil <\/h2>\n<\/div><\/div>\n<\/div>\n\n\n\n<div style=\"height:100px\" aria-hidden=\"true\" class=\"wp-block-spacer mt-0\"><\/div>\n\n\n\n<div class=\"wp-block-columns alignwide is-layout-flex wp-container-core-columns-is-layout-1 wp-block-columns-is-layout-flex\">\n<div class=\"wp-block-column is-layout-flow wp-block-column-is-layout-flow\" style=\"flex-basis:25%\">\n<p class=\"has-foreground-color has-text-color coblocks-animate\" style=\"font-size:26px\" data-coblocks-animation=\"fadeIn\"><em>Implant\u00e9e \u00e0 Cormontreuil,<\/em><\/p>\n\n\n\n<p class=\"has-foreground-color has-text-color coblocks-animate\" style=\"font-size:26px\" data-coblocks-animation=\"fadeIn\"><em><em>AL Climatisation r\u00e9pond \u00e0 vos demandes<\/em><\/em> <em>dans la Marne (51) et ses alentours<\/em>.<\/p>\n\n\n\n<p style=\"font-size:26px\"><em><em>Nous sommes l\u00e0 pour r\u00e9pondre \u00e0 toutes vos demandes concernant la climatisation et pompe \u00e0 chaleur.<\/em><\/em><\/p>\n\n\n\n<p class=\"has-text-align-center has-medium-font-size\"><em>Installateur de syst\u00e8me de climatisation et pompe \u00e0 chaleur.<\/em><\/p>\n\n\n\n<figure class=\"wp-block-image size-large\"><img loading=\"lazy\" decoding=\"async\" width=\"781\" height=\"1024\" src=\"https:\/\/al-climatisation.fr\/wp-content\/uploads\/2022\/09\/IMG_2798-781x1024.jpg\" alt=\"\" class=\"wp-image-487\" srcset=\"https:\/\/al-climatisation.fr\/wp-content\/uploads\/2022\/09\/IMG_2798-781x1024.jpg 781w, https:\/\/al-climatisation.fr\/wp-content\/uploads\/2022\/09\/IMG_2798-229x300.jpg 229w, https:\/\/al-climatisation.fr\/wp-content\/uploads\/2022\/09\/IMG_2798-768x1007.jpg 768w, https:\/\/al-climatisation.fr\/wp-content\/uploads\/2022\/09\/IMG_2798.jpg 1170w\" sizes=\"(max-width: 781px) 100vw, 781px\" \/><\/figure>\n<\/div>\n\n\n\n<div class=\"wp-block-column is-layout-flow wp-block-column-is-layout-flow\" style=\"flex-basis:45%\">\n<p class=\"has-text-align-center has-medium-font-size\"><em>Technicien de maintenance pour l&rsquo;entretien et la maintenance de vos appareils<\/em>.<\/p>\n\n\n\n<figure class=\"wp-block-image size-large is-style-default\"><img loading=\"lazy\" decoding=\"async\" width=\"768\" height=\"1024\" src=\"https:\/\/al-climatisation.fr\/wp-content\/uploads\/2023\/09\/IMG_5299-768x1024.jpg\" alt=\"\" class=\"wp-image-751\" srcset=\"https:\/\/al-climatisation.fr\/wp-content\/uploads\/2023\/09\/IMG_5299-768x1024.jpg 768w, https:\/\/al-climatisation.fr\/wp-content\/uploads\/2023\/09\/IMG_5299-225x300.jpg 225w, https:\/\/al-climatisation.fr\/wp-content\/uploads\/2023\/09\/IMG_5299-1152x1536.jpg 1152w, https:\/\/al-climatisation.fr\/wp-content\/uploads\/2023\/09\/IMG_5299-1536x2048.jpg 1536w, https:\/\/al-climatisation.fr\/wp-content\/uploads\/2023\/09\/IMG_5299-scaled.jpg 1920w\" sizes=\"(max-width: 768px) 100vw, 768px\" \/><\/figure>\n<\/div>\n\n\n\n<div class=\"wp-block-column is-vertically-aligned-bottom is-layout-flow wp-block-column-is-layout-flow\" style=\"flex-basis:25%\">\n<p class=\"has-text-align-center has-medium-font-size\"><em>D\u00e9panneur pour intervenir et r\u00e9soudre les probl\u00e8mes de vos appareils<\/em><\/p>\n\n\n\n<figure class=\"wp-block-image size-large\"><img loading=\"lazy\" decoding=\"async\" width=\"768\" height=\"1024\" src=\"https:\/\/al-climatisation.fr\/wp-content\/uploads\/2023\/09\/IMG_2949-768x1024.jpg\" alt=\"\" class=\"wp-image-750\" srcset=\"https:\/\/al-climatisation.fr\/wp-content\/uploads\/2023\/09\/IMG_2949-768x1024.jpg 768w, https:\/\/al-climatisation.fr\/wp-content\/uploads\/2023\/09\/IMG_2949-225x300.jpg 225w, https:\/\/al-climatisation.fr\/wp-content\/uploads\/2023\/09\/IMG_2949-1152x1536.jpg 1152w, https:\/\/al-climatisation.fr\/wp-content\/uploads\/2023\/09\/IMG_2949-1536x2048.jpg 1536w, https:\/\/al-climatisation.fr\/wp-content\/uploads\/2023\/09\/IMG_2949-scaled.jpg 1920w\" sizes=\"(max-width: 768px) 100vw, 768px\" \/><\/figure>\n<\/div>\n<\/div>\n\n\n\n<div style=\"height:100px\" aria-hidden=\"true\" class=\"wp-block-spacer\"><\/div>\n","protected":false},"excerpt":{"rendered":"<p>Bienvenue sur le site d&rsquo;AL Climatisation Implant\u00e9e \u00e0 Cormontreuil, AL Climatisation r\u00e9pond \u00e0 vos demandes dans la Marne (51) et ses alentours. Nous sommes l\u00e0 pour r\u00e9pondre \u00e0 toutes vos demandes concernant la climatisation et pompe \u00e0 chaleur. Installateur de syst\u00e8me de climatisation et pompe \u00e0 chaleur. Technicien de maintenance pour l&rsquo;entretien et la maintenance [&hellip;]<\/p>\n","protected":false},"author":1,"featured_media":90,"parent":0,"menu_order":0,"comment_status":"closed","ping_status":"closed","template":"","meta":{"_coblocks_attr":"","_coblocks_dimensions":"","_coblocks_responsive_height":"","_coblocks_accordion_ie_support":"","footnotes":""},"class_list":["post-79","page","type-page","status-publish","has-post-thumbnail","hentry"],"yoast_head":"<!-- This site is optimized with the Yoast SEO plugin v24.9 - https:\/\/yoast.com\/wordpress\/plugins\/seo\/ -->\n<title>AL CLIMATISATION : Pompe \u00e0 chaleur et climatisation \u00e0 reims dans la marne<\/title>\n<meta name=\"description\" content=\"AL CLIMATISATION pr\u00e8s de Reims dans la Marne (51). Pompe \u00e0 chaleur. Climatisation. Climatisation Daikin. Pompe \u00e0 chaleur Daikin.\" \/>\n<meta name=\"robots\" content=\"index, follow, max-snippet:-1, max-image-preview:large, max-video-preview:-1\" \/>\n<link rel=\"canonical\" href=\"https:\/\/al-climatisation.fr\/\" \/>\n<meta property=\"og:locale\" content=\"fr_FR\" \/>\n<meta property=\"og:type\" content=\"article\" \/>\n<meta property=\"og:title\" content=\"AL CLIMATISATION : Pompe \u00e0 chaleur et climatisation \u00e0 reims dans la marne\" \/>\n<meta property=\"og:description\" content=\"AL CLIMATISATION pr\u00e8s de Reims dans la Marne (51). Pompe \u00e0 chaleur. Climatisation. Climatisation Daikin. Pompe \u00e0 chaleur Daikin.\" \/>\n<meta property=\"og:url\" content=\"https:\/\/al-climatisation.fr\/\" \/>\n<meta property=\"og:site_name\" content=\"AL CLIMATISATION\" \/>\n<meta property=\"article:publisher\" content=\"https:\/\/www.facebook.com\/profile.php?id=100083103140325\" \/>\n<meta property=\"article:modified_time\" content=\"2024-01-23T19:57:19+00:00\" \/>\n<meta property=\"og:image\" content=\"https:\/\/al-climatisation.fr\/wp-content\/uploads\/2022\/08\/AL-climatisation-motif_Plan-de-travail-1-1.png\" \/>\n\t<meta property=\"og:image:width\" content=\"1241\" \/>\n\t<meta property=\"og:image:height\" content=\"875\" \/>\n\t<meta property=\"og:image:type\" content=\"image\/png\" \/>\n<meta name=\"twitter:card\" content=\"summary_large_image\" \/>\n<meta name=\"twitter:label1\" content=\"Dur\u00e9e de lecture estim\u00e9e\" \/>\n\t<meta name=\"twitter:data1\" content=\"2 minutes\" \/>\n<script type=\"application\/ld+json\" class=\"yoast-schema-graph\">{\"@context\":\"https:\/\/schema.org\",\"@graph\":[{\"@type\":\"WebPage\",\"@id\":\"https:\/\/al-climatisation.fr\/\",\"url\":\"https:\/\/al-climatisation.fr\/\",\"name\":\"AL CLIMATISATION : Pompe \u00e0 chaleur et climatisation \u00e0 reims dans la marne\",\"isPartOf\":{\"@id\":\"https:\/\/al-climatisation.fr\/#website\"},\"primaryImageOfPage\":{\"@id\":\"https:\/\/al-climatisation.fr\/#primaryimage\"},\"image\":{\"@id\":\"https:\/\/al-climatisation.fr\/#primaryimage\"},\"thumbnailUrl\":\"https:\/\/al-climatisation.fr\/wp-content\/uploads\/2022\/08\/AL-climatisation-motif_Plan-de-travail-1-1.png\",\"datePublished\":\"2022-08-24T18:27:28+00:00\",\"dateModified\":\"2024-01-23T19:57:19+00:00\",\"description\":\"AL CLIMATISATION pr\u00e8s de Reims dans la Marne (51). Pompe \u00e0 chaleur. Climatisation. Climatisation Daikin. Pompe \u00e0 chaleur Daikin.\",\"breadcrumb\":{\"@id\":\"https:\/\/al-climatisation.fr\/#breadcrumb\"},\"inLanguage\":\"fr-FR\",\"potentialAction\":[{\"@type\":\"ReadAction\",\"target\":[\"https:\/\/al-climatisation.fr\/\"]}]},{\"@type\":\"ImageObject\",\"inLanguage\":\"fr-FR\",\"@id\":\"https:\/\/al-climatisation.fr\/#primaryimage\",\"url\":\"https:\/\/al-climatisation.fr\/wp-content\/uploads\/2022\/08\/AL-climatisation-motif_Plan-de-travail-1-1.png\",\"contentUrl\":\"https:\/\/al-climatisation.fr\/wp-content\/uploads\/2022\/08\/AL-climatisation-motif_Plan-de-travail-1-1.png\",\"width\":1241,\"height\":875},{\"@type\":\"BreadcrumbList\",\"@id\":\"https:\/\/al-climatisation.fr\/#breadcrumb\",\"itemListElement\":[{\"@type\":\"ListItem\",\"position\":1,\"name\":\"Accueil\",\"item\":\"https:\/\/al-climatisation.fr\/\"},{\"@type\":\"ListItem\",\"position\":2,\"name\":\"Accueil\"}]},{\"@type\":\"WebSite\",\"@id\":\"https:\/\/al-climatisation.fr\/#website\",\"url\":\"https:\/\/al-climatisation.fr\/\",\"name\":\"AL CLIMATISATION\",\"description\":\"Expert pour vos pompes \u00e0 chaleur\",\"publisher\":{\"@id\":\"https:\/\/al-climatisation.fr\/#organization\"},\"potentialAction\":[{\"@type\":\"SearchAction\",\"target\":{\"@type\":\"EntryPoint\",\"urlTemplate\":\"https:\/\/al-climatisation.fr\/?s={search_term_string}\"},\"query-input\":{\"@type\":\"PropertyValueSpecification\",\"valueRequired\":true,\"valueName\":\"search_term_string\"}}],\"inLanguage\":\"fr-FR\"},{\"@type\":\"Organization\",\"@id\":\"https:\/\/al-climatisation.fr\/#organization\",\"name\":\"AL CLIMATISATION\",\"url\":\"https:\/\/al-climatisation.fr\/\",\"logo\":{\"@type\":\"ImageObject\",\"inLanguage\":\"fr-FR\",\"@id\":\"https:\/\/al-climatisation.fr\/#\/schema\/logo\/image\/\",\"url\":\"https:\/\/al-climatisation.fr\/wp-content\/uploads\/2022\/08\/cropped-IMG_1307-1.png\",\"contentUrl\":\"https:\/\/al-climatisation.fr\/wp-content\/uploads\/2022\/08\/cropped-IMG_1307-1.png\",\"width\":2475,\"height\":2475,\"caption\":\"AL CLIMATISATION\"},\"image\":{\"@id\":\"https:\/\/al-climatisation.fr\/#\/schema\/logo\/image\/\"},\"sameAs\":[\"https:\/\/www.facebook.com\/profile.php?id=100083103140325\",\"https:\/\/instagram.com\/Al.climatisation\",\"https:\/\/www.linkedin.com\/company\/al-climatisation\/\"]}]}<\/script>\n<!-- \/ Yoast SEO plugin. -->","yoast_head_json":{"title":"AL CLIMATISATION : Pompe \u00e0 chaleur et climatisation \u00e0 reims dans la marne","description":"AL CLIMATISATION pr\u00e8s de Reims dans la Marne (51). Pompe \u00e0 chaleur. Climatisation. Climatisation Daikin. Pompe \u00e0 chaleur Daikin.","robots":{"index":"index","follow":"follow","max-snippet":"max-snippet:-1","max-image-preview":"max-image-preview:large","max-video-preview":"max-video-preview:-1"},"canonical":"https:\/\/al-climatisation.fr\/","og_locale":"fr_FR","og_type":"article","og_title":"AL CLIMATISATION : Pompe \u00e0 chaleur et climatisation \u00e0 reims dans la marne","og_description":"AL CLIMATISATION pr\u00e8s de Reims dans la Marne (51). Pompe \u00e0 chaleur. Climatisation. Climatisation Daikin. Pompe \u00e0 chaleur Daikin.","og_url":"https:\/\/al-climatisation.fr\/","og_site_name":"AL CLIMATISATION","article_publisher":"https:\/\/www.facebook.com\/profile.php?id=100083103140325","article_modified_time":"2024-01-23T19:57:19+00:00","og_image":[{"width":1241,"height":875,"url":"https:\/\/al-climatisation.fr\/wp-content\/uploads\/2022\/08\/AL-climatisation-motif_Plan-de-travail-1-1.png","type":"image\/png"}],"twitter_card":"summary_large_image","twitter_misc":{"Dur\u00e9e de lecture estim\u00e9e":"2 minutes"},"schema":{"@context":"https:\/\/schema.org","@graph":[{"@type":"WebPage","@id":"https:\/\/al-climatisation.fr\/","url":"https:\/\/al-climatisation.fr\/","name":"AL CLIMATISATION : Pompe \u00e0 chaleur et climatisation \u00e0 reims dans la marne","isPartOf":{"@id":"https:\/\/al-climatisation.fr\/#website"},"primaryImageOfPage":{"@id":"https:\/\/al-climatisation.fr\/#primaryimage"},"image":{"@id":"https:\/\/al-climatisation.fr\/#primaryimage"},"thumbnailUrl":"https:\/\/al-climatisation.fr\/wp-content\/uploads\/2022\/08\/AL-climatisation-motif_Plan-de-travail-1-1.png","datePublished":"2022-08-24T18:27:28+00:00","dateModified":"2024-01-23T19:57:19+00:00","description":"AL CLIMATISATION pr\u00e8s de Reims dans la Marne (51). Pompe \u00e0 chaleur. Climatisation. Climatisation Daikin. Pompe \u00e0 chaleur Daikin.","breadcrumb":{"@id":"https:\/\/al-climatisation.fr\/#breadcrumb"},"inLanguage":"fr-FR","potentialAction":[{"@type":"ReadAction","target":["https:\/\/al-climatisation.fr\/"]}]},{"@type":"ImageObject","inLanguage":"fr-FR","@id":"https:\/\/al-climatisation.fr\/#primaryimage","url":"https:\/\/al-climatisation.fr\/wp-content\/uploads\/2022\/08\/AL-climatisation-motif_Plan-de-travail-1-1.png","contentUrl":"https:\/\/al-climatisation.fr\/wp-content\/uploads\/2022\/08\/AL-climatisation-motif_Plan-de-travail-1-1.png","width":1241,"height":875},{"@type":"BreadcrumbList","@id":"https:\/\/al-climatisation.fr\/#breadcrumb","itemListElement":[{"@type":"ListItem","position":1,"name":"Accueil","item":"https:\/\/al-climatisation.fr\/"},{"@type":"ListItem","position":2,"name":"Accueil"}]},{"@type":"WebSite","@id":"https:\/\/al-climatisation.fr\/#website","url":"https:\/\/al-climatisation.fr\/","name":"AL CLIMATISATION","description":"Expert pour vos pompes \u00e0 chaleur","publisher":{"@id":"https:\/\/al-climatisation.fr\/#organization"},"potentialAction":[{"@type":"SearchAction","target":{"@type":"EntryPoint","urlTemplate":"https:\/\/al-climatisation.fr\/?s={search_term_string}"},"query-input":{"@type":"PropertyValueSpecification","valueRequired":true,"valueName":"search_term_string"}}],"inLanguage":"fr-FR"},{"@type":"Organization","@id":"https:\/\/al-climatisation.fr\/#organization","name":"AL CLIMATISATION","url":"https:\/\/al-climatisation.fr\/","logo":{"@type":"ImageObject","inLanguage":"fr-FR","@id":"https:\/\/al-climatisation.fr\/#\/schema\/logo\/image\/","url":"https:\/\/al-climatisation.fr\/wp-content\/uploads\/2022\/08\/cropped-IMG_1307-1.png","contentUrl":"https:\/\/al-climatisation.fr\/wp-content\/uploads\/2022\/08\/cropped-IMG_1307-1.png","width":2475,"height":2475,"caption":"AL CLIMATISATION"},"image":{"@id":"https:\/\/al-climatisation.fr\/#\/schema\/logo\/image\/"},"sameAs":["https:\/\/www.facebook.com\/profile.php?id=100083103140325","https:\/\/instagram.com\/Al.climatisation","https:\/\/www.linkedin.com\/company\/al-climatisation\/"]}]}},"jetpack_sharing_enabled":true,"_links":{"self":[{"href":"https:\/\/al-climatisation.fr\/index.php\/wp-json\/wp\/v2\/pages\/79"}],"collection":[{"href":"https:\/\/al-climatisation.fr\/index.php\/wp-json\/wp\/v2\/pages"}],"about":[{"href":"https:\/\/al-climatisation.fr\/index.php\/wp-json\/wp\/v2\/types\/page"}],"author":[{"embeddable":true,"href":"https:\/\/al-climatisation.fr\/index.php\/wp-json\/wp\/v2\/users\/1"}],"replies":[{"embeddable":true,"href":"https:\/\/al-climatisation.fr\/index.php\/wp-json\/wp\/v2\/comments?post=79"}],"version-history":[{"count":174,"href":"https:\/\/al-climatisation.fr\/index.php\/wp-json\/wp\/v2\/pages\/79\/revisions"}],"predecessor-version":[{"id":1407,"href":"https:\/\/al-climatisation.fr\/index.php\/wp-json\/wp\/v2\/pages\/79\/revisions\/1407"}],"wp:featuredmedia":[{"embeddable":true,"href":"https:\/\/al-climatisation.fr\/index.php\/wp-json\/wp\/v2\/media\/90"}],"wp:attachment":[{"href":"https:\/\/al-climatisation.fr\/index.php\/wp-json\/wp\/v2\/media?parent=79"}],"curies":[{"name":"wp","href":"https:\/\/api.w.org\/{rel}","templated":true}]}}