{"id":719,"date":"2023-09-03T19:42:50","date_gmt":"2023-09-03T17:42:50","guid":{"rendered":"http:\/\/al-climatisation.fr\/?page_id=719"},"modified":"2024-02-04T17:14:26","modified_gmt":"2024-02-04T16:14:26","slug":"decoclim","status":"publish","type":"page","link":"https:\/\/al-climatisation.fr\/index.php\/decoclim\/","title":{"rendered":"Cache groupe"},"content":{"rendered":"\n<div class=\"wp-block-cover has-parallax\" style=\"border-style:none;border-width:0px;border-radius:0px;margin-top:0;margin-bottom:0;padding-top:0;padding-right:0;padding-bottom:0;padding-left:0\"><span aria-hidden=\"true\" class=\"wp-block-cover__background has-background-dim-20 has-background-dim\"><\/span><div role=\"img\" class=\"wp-block-cover__image-background wp-image-1381 has-parallax\" style=\"background-position:50% 50%;background-image:url(https:\/\/al-climatisation.fr\/wp-content\/uploads\/2024\/01\/DECOCLIM-BOIS-4-2-scaled.jpg)\"><\/div><div class=\"wp-block-cover__inner-container has-global-padding is-layout-constrained wp-container-core-cover-is-layout-1 wp-block-cover-is-layout-constrained\">\n<h2 class=\"wp-block-heading has-text-align-center has-bg-color-color has-text-color has-link-color coblocks-animate wp-elements-488fe948cc1f5a3763c0d6623b43c376\" data-coblocks-animation=\"fadeIn\">Cache Groupe<\/h2>\n\n\n\n<h2 class=\"wp-block-heading has-text-align-center has-bg-color-color has-text-color has-link-color coblocks-animate wp-elements-920be6ab2b21ff63aaeae758bb51cdd0\" data-coblocks-animation=\"fadeIn\">D\u00e9coclim<strong>\u00ae<\/strong><\/h2>\n<\/div><\/div>\n\n\n\n<hr class=\"wp-block-separator has-text-color has-foreground-color has-alpha-channel-opacity has-foreground-background-color has-background is-style-wide coblocks-animate\" data-coblocks-animation=\"fadeIn\"\/>\n\n\n\n<p class=\"has-text-align-center coblocks-animate\" data-coblocks-animation=\"fadeIn\">Avant\/Apr\u00e8s une installation d\u2019un cache groupe <a href=\"https:\/\/www.decoclim.fr\/decoclim\/8-cache-climatisation-petit-modele.html\" target=\"_blank\" rel=\"noreferrer noopener\">D\u00e9colim Bois de taille S<\/a> sur un bi-split Daikin<\/p>\n\n\n\n<figure class=\"wp-block-jetpack-image-compare\"><div class=\"juxtapose\" data-mode=\"horizontal\"><img loading=\"lazy\" decoding=\"async\" id=\"566\" src=\"https:\/\/i2.wp.com\/al-climatisation.fr\/wp-content\/uploads\/2022\/10\/Capture-decran-2022-10-20-a-21.52.07.png?ssl=1\" alt=\"\" width=\"1064\" height=\"1416\" class=\"image-compare__image-before\"\/><img loading=\"lazy\" decoding=\"async\" id=\"567\" src=\"https:\/\/i1.wp.com\/al-climatisation.fr\/wp-content\/uploads\/2022\/10\/Capture-decran-2022-10-20-a-21.52.37.png?ssl=1\" alt=\"\" width=\"1064\" height=\"1414\" class=\"image-compare__image-after\"\/><\/div><\/figure>\n\n\n\n<hr class=\"wp-block-separator has-text-color has-foreground-color has-alpha-channel-opacity has-foreground-background-color has-background is-style-wide coblocks-animate\" data-coblocks-animation=\"fadeIn\"\/>\n\n\n\n<p class=\"has-text-align-center coblocks-animate\" data-coblocks-animation=\"fadeIn\">Avant\/Apr\u00e8s une installation d\u2019un cache groupe <a href=\"https:\/\/www.decoclim.fr\/decoclim\/117-cache-climatisation-moyen-modele.html\" target=\"_blank\" rel=\"noreferrer noopener\">D\u00e9colim Alu de taille M<\/a> anthracite sur un tri-split Daikin<\/p>\n\n\n\n<figure class=\"wp-block-jetpack-image-compare\"><div class=\"juxtapose\" data-mode=\"horizontal\"><img loading=\"lazy\" decoding=\"async\" id=\"1581\" src=\"https:\/\/al-climatisation.fr\/wp-content\/uploads\/2024\/02\/IMG_7569-scaled.jpg\" alt=\"\" width=\"1920\" height=\"2560\" class=\"image-compare__image-before\"\/><img loading=\"lazy\" decoding=\"async\" id=\"711\" src=\"https:\/\/i0.wp.com\/al-climatisation.fr\/wp-content\/uploads\/2023\/09\/IMG_7570-scaled.jpg?ssl=1\" alt=\"\" width=\"1920\" height=\"2560\" class=\"image-compare__image-after\"\/><\/div><\/figure>\n\n\n\n<hr class=\"wp-block-separator has-text-color has-foreground-color has-alpha-channel-opacity has-foreground-background-color has-background is-style-wide coblocks-animate\" data-coblocks-animation=\"fadeIn\"\/>\n\n\n\n<p class=\"has-text-align-center coblocks-animate\" data-coblocks-animation=\"fadeIn\">Avant\/Apr\u00e8s une installation d\u2019un cache groupe <a href=\"https:\/\/www.decoclim.fr\/decoclim\/117-cache-climatisation-moyen-modele.html\" target=\"_blank\" rel=\"noreferrer noopener\">D\u00e9colim Alu de taille M<\/a> anthracite sur un multi-split 5 voies Daikin<\/p>\n\n\n\n<figure class=\"wp-block-jetpack-image-compare\"><div class=\"juxtapose\" data-mode=\"horizontal\"><img loading=\"lazy\" decoding=\"async\" id=\"726\" src=\"https:\/\/i1.wp.com\/al-climatisation.fr\/wp-content\/uploads\/2023\/09\/IMG_9346-scaled.jpg?ssl=1\" alt=\"\" width=\"1920\" height=\"2560\" class=\"image-compare__image-before\"\/><img loading=\"lazy\" decoding=\"async\" id=\"725\" src=\"https:\/\/i1.wp.com\/al-climatisation.fr\/wp-content\/uploads\/2023\/09\/IMG_9345-scaled.jpg?ssl=1\" alt=\"\" width=\"1920\" height=\"2560\" class=\"image-compare__image-after\"\/><\/div><\/figure>\n\n\n\n<hr class=\"wp-block-separator has-text-color has-foreground-color has-alpha-channel-opacity has-foreground-background-color has-background is-style-wide coblocks-animate\" data-coblocks-animation=\"fadeIn\"\/>\n\n\n\n<p class=\"has-text-align-center coblocks-animate\" data-coblocks-animation=\"fadeIn\">Avant\/Apr\u00e8s une installation d\u2019un cache groupe <a href=\"https:\/\/www.decoclim.fr\/decoclim\/116-decoclim-alu-taille-s.html\" target=\"_blank\" rel=\"noreferrer noopener\">D\u00e9colim Alu de taille S<\/a> anthracite sur un mono-split Daikin<\/p>\n\n\n\n<figure class=\"wp-block-jetpack-image-compare\"><div class=\"juxtapose\" data-mode=\"horizontal\"><img loading=\"lazy\" decoding=\"async\" id=\"728\" src=\"https:\/\/i2.wp.com\/al-climatisation.fr\/wp-content\/uploads\/2023\/09\/IMG_8195-scaled.jpg?ssl=1\" alt=\"\" width=\"1920\" height=\"2560\" class=\"image-compare__image-before\"\/><img loading=\"lazy\" decoding=\"async\" id=\"729\" src=\"https:\/\/i1.wp.com\/al-climatisation.fr\/wp-content\/uploads\/2023\/09\/IMG_8197-scaled.jpg?ssl=1\" alt=\"\" width=\"1920\" height=\"2560\" class=\"image-compare__image-after\"\/><\/div><\/figure>\n\n\n\n<hr class=\"wp-block-separator has-text-color has-foreground-color has-alpha-channel-opacity has-foreground-background-color has-background is-style-wide coblocks-animate\" data-coblocks-animation=\"fadeIn\"\/>\n\n\n\n<p class=\"has-text-align-center coblocks-animate\" data-coblocks-animation=\"fadeIn\">Avant\/Apr\u00e8s une installation d\u2019un cache groupe <a href=\"https:\/\/www.decoclim.fr\/decoclim\/369-cache-climatisation-moyen-modele.html\" target=\"_blank\" rel=\"noreferrer noopener\">D\u00e9colim Alu de taille M<\/a> blanc cr\u00e8me avec face de dessous sur un tri-split Daikin<\/p>\n\n\n\n<figure class=\"wp-block-jetpack-image-compare\"><div class=\"juxtapose\" data-mode=\"horizontal\"><img loading=\"lazy\" decoding=\"async\" id=\"732\" src=\"https:\/\/i1.wp.com\/al-climatisation.fr\/wp-content\/uploads\/2023\/09\/IMG_7677-scaled.jpg?ssl=1\" alt=\"\" width=\"1920\" height=\"2560\" class=\"image-compare__image-before\"\/><img loading=\"lazy\" decoding=\"async\" id=\"733\" src=\"https:\/\/i1.wp.com\/al-climatisation.fr\/wp-content\/uploads\/2023\/09\/IMG_7684-scaled.jpg?ssl=1\" alt=\"\" width=\"1920\" height=\"2560\" class=\"image-compare__image-after\"\/><\/div><\/figure>\n\n\n\n<hr class=\"wp-block-separator has-text-color has-foreground-color has-alpha-channel-opacity has-foreground-background-color has-background is-style-wide coblocks-animate\" data-coblocks-animation=\"fadeIn\"\/>\n\n\n\n<p class=\"has-text-align-center coblocks-animate\" data-coblocks-animation=\"fadeIn\">Avant\/Apr\u00e8s une installation d\u2019un cache groupe <a href=\"https:\/\/www.decoclim.fr\/decoclim\/118-cache-climatisation-grand-modele.html\" target=\"_blank\" rel=\"noreferrer noopener\">D\u00e9colim Alu de taille L<\/a> anthracite sur un mono-split Daikin<\/p>\n\n\n\n<div class=\"wp-block-jetpack-tiled-gallery aligncenter is-style-square\"><div class=\"tiled-gallery__gallery\"><div class=\"tiled-gallery__row columns-2\"><div class=\"tiled-gallery__col\"><figure class=\"tiled-gallery__item\"><img decoding=\"async\" srcset=\"https:\/\/i1.wp.com\/al-climatisation.fr\/wp-content\/uploads\/2024\/02\/IMG_4567-768x1024.jpg?resize=600%2C600&#038;strip=info&#038;ssl=1 600w,https:\/\/i1.wp.com\/al-climatisation.fr\/wp-content\/uploads\/2024\/02\/IMG_4567-768x1024.jpg?resize=900%2C900&#038;strip=info&#038;ssl=1 900w,https:\/\/i1.wp.com\/al-climatisation.fr\/wp-content\/uploads\/2024\/02\/IMG_4567-768x1024.jpg?resize=1200%2C1200&#038;strip=info&#038;ssl=1 1200w,https:\/\/i1.wp.com\/al-climatisation.fr\/wp-content\/uploads\/2024\/02\/IMG_4567-768x1024.jpg?resize=1500%2C1500&#038;strip=info&#038;ssl=1 1500w,https:\/\/i1.wp.com\/al-climatisation.fr\/wp-content\/uploads\/2024\/02\/IMG_4567-768x1024.jpg?resize=1800%2C1800&#038;strip=info&#038;ssl=1 1800w,https:\/\/i1.wp.com\/al-climatisation.fr\/wp-content\/uploads\/2024\/02\/IMG_4567-768x1024.jpg?resize=1920%2C1920&#038;strip=info&#038;ssl=1 1920w\" alt=\"\" data-height=\"2560\" data-id=\"1603\" data-link=\"https:\/\/al-climatisation.fr\/index.php\/decoclim\/img_4567\/\" data-url=\"https:\/\/al-climatisation.fr\/wp-content\/uploads\/2024\/02\/IMG_4567-768x1024.jpg\" data-width=\"1920\" src=\"https:\/\/i1.wp.com\/al-climatisation.fr\/wp-content\/uploads\/2024\/02\/IMG_4567-768x1024.jpg?ssl=1&amp;resize=1920%2C1920\" data-amp-layout=\"responsive\"\/><\/figure><\/div><div class=\"tiled-gallery__col\"><figure class=\"tiled-gallery__item\"><img decoding=\"async\" srcset=\"https:\/\/i1.wp.com\/al-climatisation.fr\/wp-content\/uploads\/2024\/02\/IMG_4568-768x1024.jpg?resize=600%2C600&#038;strip=info&#038;ssl=1 600w,https:\/\/i1.wp.com\/al-climatisation.fr\/wp-content\/uploads\/2024\/02\/IMG_4568-768x1024.jpg?resize=900%2C900&#038;strip=info&#038;ssl=1 900w,https:\/\/i1.wp.com\/al-climatisation.fr\/wp-content\/uploads\/2024\/02\/IMG_4568-768x1024.jpg?resize=1200%2C1200&#038;strip=info&#038;ssl=1 1200w,https:\/\/i1.wp.com\/al-climatisation.fr\/wp-content\/uploads\/2024\/02\/IMG_4568-768x1024.jpg?resize=1500%2C1500&#038;strip=info&#038;ssl=1 1500w,https:\/\/i1.wp.com\/al-climatisation.fr\/wp-content\/uploads\/2024\/02\/IMG_4568-768x1024.jpg?resize=1800%2C1800&#038;strip=info&#038;ssl=1 1800w,https:\/\/i1.wp.com\/al-climatisation.fr\/wp-content\/uploads\/2024\/02\/IMG_4568-768x1024.jpg?resize=1920%2C1920&#038;strip=info&#038;ssl=1 1920w\" alt=\"\" data-height=\"2560\" data-id=\"1604\" data-link=\"https:\/\/al-climatisation.fr\/index.php\/decoclim\/img_4568\/\" data-url=\"https:\/\/al-climatisation.fr\/wp-content\/uploads\/2024\/02\/IMG_4568-768x1024.jpg\" data-width=\"1920\" src=\"https:\/\/i1.wp.com\/al-climatisation.fr\/wp-content\/uploads\/2024\/02\/IMG_4568-768x1024.jpg?ssl=1&amp;resize=1920%2C1920\" data-amp-layout=\"responsive\"\/><\/figure><\/div><\/div><\/div><\/div>\n\n\n\n<hr class=\"wp-block-separator has-text-color has-foreground-color has-alpha-channel-opacity has-foreground-background-color has-background is-style-wide coblocks-animate\" data-coblocks-animation=\"fadeIn\"\/>\n\n\n\n<p class=\"has-text-align-center coblocks-animate\" data-coblocks-animation=\"fadeIn\">N\u2019h\u00e9sitez pas \u00e0 explorer \u00e9galement notre exp\u00e9rience en consultant notre t\u00e9moignage.<\/p>\n\n\n\n<div class=\"wp-block-buttons is-content-justification-center is-layout-flex wp-container-core-buttons-is-layout-1 wp-block-buttons-is-layout-flex\">\n<div class=\"wp-block-button\"><a class=\"wp-block-button__link wp-element-button\" href=\"https:\/\/www.decoclim.fr\/content\/40-temoignages-d-installateurs-de-decoclim-alexis-et-lilian\" style=\"border-style:none;border-width:0px;border-radius:100px\" target=\"_blank\" rel=\"noreferrer noopener\">T\u00e9moignage<\/a><\/div>\n<\/div>\n\n\n\n<hr class=\"wp-block-separator has-text-color has-foreground-color has-alpha-channel-opacity has-foreground-background-color has-background is-style-wide coblocks-animate\" data-coblocks-animation=\"fadeIn\"\/>\n\n\n\n<p class=\"has-text-align-center coblocks-animate\" data-coblocks-animation=\"fadeIn\">D\u00e9couvrez en vid\u00e9o davantage sur les caches groupe ext\u00e9rieur et explorez toutes les solutions que nous pouvons vous proposer sur le site de notre partenaire D\u00e9ccolim.<\/p>\n\n\n\n<div class=\"wp-block-buttons is-content-justification-center is-layout-flex wp-container-core-buttons-is-layout-2 wp-block-buttons-is-layout-flex\">\n<div class=\"wp-block-button\"><a class=\"wp-block-button__link wp-element-button\" href=\"https:\/\/www.decoclim.fr\/content\/15-le-concept\" style=\"border-style:none;border-width:0px;border-radius:100px\" target=\"_blank\" rel=\"noreferrer noopener\">Site D\u00e9coclim<\/a><\/div>\n<\/div>\n\n\n\n<div style=\"height:10px\" aria-hidden=\"true\" class=\"wp-block-spacer\"><\/div>\n\n\n\n<figure class=\"wp-block-embed is-type-video is-provider-youtube wp-block-embed-youtube wp-embed-aspect-16-9 wp-has-aspect-ratio\"><div class=\"wp-block-embed__wrapper\">\n<iframe loading=\"lazy\" title=\"Cache climatiseur et pompe \u00e0 chaleur DECOCLIM\u00ae\" width=\"500\" height=\"281\" src=\"https:\/\/www.youtube.com\/embed\/0sfJGLASVK8?feature=oembed\" frameborder=\"0\" allow=\"accelerometer; autoplay; clipboard-write; encrypted-media; gyroscope; picture-in-picture; web-share\" referrerpolicy=\"strict-origin-when-cross-origin\" allowfullscreen><\/iframe>\n<\/div><\/figure>\n\n\n\n<div style=\"height:10px\" aria-hidden=\"true\" class=\"wp-block-spacer\"><\/div>\n","protected":false},"excerpt":{"rendered":"<p>Avant\/Apr\u00e8s une installation d\u2019un cache groupe D\u00e9colim Bois de taille S sur un bi-split Daikin Avant\/Apr\u00e8s une installation d\u2019un cache groupe D\u00e9colim Alu de taille M anthracite sur un tri-split Daikin Avant\/Apr\u00e8s une installation d\u2019un cache groupe D\u00e9colim Alu de taille M anthracite sur un multi-split 5 voies Daikin Avant\/Apr\u00e8s une installation d\u2019un cache groupe [&hellip;]<\/p>\n","protected":false},"author":1,"featured_media":0,"parent":0,"menu_order":0,"comment_status":"closed","ping_status":"closed","template":"","meta":{"_coblocks_attr":"","_coblocks_dimensions":"","_coblocks_responsive_height":"","_coblocks_accordion_ie_support":"","footnotes":""},"class_list":["post-719","page","type-page","status-publish","hentry"],"yoast_head":"<!-- This site is optimized with the Yoast SEO plugin v24.9 - https:\/\/yoast.com\/wordpress\/plugins\/seo\/ -->\n<title>Cache groupe D\u00e9coclimCache groupe - AL CLIMATISATION<\/title>\n<meta name=\"description\" content=\"D\u00e9couvrez-en davantage sur les caches groupe ext\u00e9rieur, nos r\u00e9alisations, et explorez les solutions que nous pouvons vous proposer.\" \/>\n<meta name=\"robots\" content=\"index, follow, max-snippet:-1, max-image-preview:large, max-video-preview:-1\" \/>\n<link rel=\"canonical\" href=\"https:\/\/al-climatisation.fr\/index.php\/decoclim\/\" \/>\n<meta property=\"og:locale\" content=\"fr_FR\" \/>\n<meta property=\"og:type\" content=\"article\" \/>\n<meta property=\"og:title\" content=\"Cache groupe D\u00e9coclimCache groupe - AL CLIMATISATION\" \/>\n<meta property=\"og:description\" content=\"D\u00e9couvrez-en davantage sur les caches groupe ext\u00e9rieur, nos r\u00e9alisations, et explorez les solutions que nous pouvons vous proposer.\" \/>\n<meta property=\"og:url\" content=\"https:\/\/al-climatisation.fr\/index.php\/decoclim\/\" \/>\n<meta property=\"og:site_name\" content=\"AL CLIMATISATION\" \/>\n<meta property=\"article:publisher\" content=\"https:\/\/www.facebook.com\/profile.php?id=100083103140325\" \/>\n<meta property=\"article:modified_time\" content=\"2024-02-04T16:14:26+00:00\" \/>\n<meta property=\"og:image\" content=\"https:\/\/i2.wp.com\/al-climatisation.fr\/wp-content\/uploads\/2022\/10\/Capture-decran-2022-10-20-a-21.52.07.png?ssl=1\" \/>\n<meta name=\"twitter:card\" content=\"summary_large_image\" \/>\n<meta name=\"twitter:label1\" content=\"Dur\u00e9e de lecture estim\u00e9e\" \/>\n\t<meta name=\"twitter:data1\" content=\"4 minutes\" \/>\n<script type=\"application\/ld+json\" class=\"yoast-schema-graph\">{\"@context\":\"https:\/\/schema.org\",\"@graph\":[{\"@type\":\"WebPage\",\"@id\":\"https:\/\/al-climatisation.fr\/index.php\/decoclim\/\",\"url\":\"https:\/\/al-climatisation.fr\/index.php\/decoclim\/\",\"name\":\"Cache groupe D\u00e9coclimCache groupe - AL CLIMATISATION\",\"isPartOf\":{\"@id\":\"https:\/\/al-climatisation.fr\/#website\"},\"primaryImageOfPage\":{\"@id\":\"https:\/\/al-climatisation.fr\/index.php\/decoclim\/#primaryimage\"},\"image\":{\"@id\":\"https:\/\/al-climatisation.fr\/index.php\/decoclim\/#primaryimage\"},\"thumbnailUrl\":\"https:\/\/i2.wp.com\/al-climatisation.fr\/wp-content\/uploads\/2022\/10\/Capture-decran-2022-10-20-a-21.52.07.png?ssl=1\",\"datePublished\":\"2023-09-03T17:42:50+00:00\",\"dateModified\":\"2024-02-04T16:14:26+00:00\",\"description\":\"D\u00e9couvrez-en davantage sur les caches groupe ext\u00e9rieur, nos r\u00e9alisations, et explorez les solutions que nous pouvons vous proposer.\",\"breadcrumb\":{\"@id\":\"https:\/\/al-climatisation.fr\/index.php\/decoclim\/#breadcrumb\"},\"inLanguage\":\"fr-FR\",\"potentialAction\":[{\"@type\":\"ReadAction\",\"target\":[\"https:\/\/al-climatisation.fr\/index.php\/decoclim\/\"]}]},{\"@type\":\"ImageObject\",\"inLanguage\":\"fr-FR\",\"@id\":\"https:\/\/al-climatisation.fr\/index.php\/decoclim\/#primaryimage\",\"url\":\"https:\/\/i2.wp.com\/al-climatisation.fr\/wp-content\/uploads\/2022\/10\/Capture-decran-2022-10-20-a-21.52.07.png?ssl=1\",\"contentUrl\":\"https:\/\/i2.wp.com\/al-climatisation.fr\/wp-content\/uploads\/2022\/10\/Capture-decran-2022-10-20-a-21.52.07.png?ssl=1\"},{\"@type\":\"BreadcrumbList\",\"@id\":\"https:\/\/al-climatisation.fr\/index.php\/decoclim\/#breadcrumb\",\"itemListElement\":[{\"@type\":\"ListItem\",\"position\":1,\"name\":\"Accueil\",\"item\":\"https:\/\/al-climatisation.fr\/\"},{\"@type\":\"ListItem\",\"position\":2,\"name\":\"Cache groupe\"}]},{\"@type\":\"WebSite\",\"@id\":\"https:\/\/al-climatisation.fr\/#website\",\"url\":\"https:\/\/al-climatisation.fr\/\",\"name\":\"AL CLIMATISATION\",\"description\":\"Expert pour vos pompes \u00e0 chaleur\",\"publisher\":{\"@id\":\"https:\/\/al-climatisation.fr\/#organization\"},\"potentialAction\":[{\"@type\":\"SearchAction\",\"target\":{\"@type\":\"EntryPoint\",\"urlTemplate\":\"https:\/\/al-climatisation.fr\/?s={search_term_string}\"},\"query-input\":{\"@type\":\"PropertyValueSpecification\",\"valueRequired\":true,\"valueName\":\"search_term_string\"}}],\"inLanguage\":\"fr-FR\"},{\"@type\":\"Organization\",\"@id\":\"https:\/\/al-climatisation.fr\/#organization\",\"name\":\"AL CLIMATISATION\",\"url\":\"https:\/\/al-climatisation.fr\/\",\"logo\":{\"@type\":\"ImageObject\",\"inLanguage\":\"fr-FR\",\"@id\":\"https:\/\/al-climatisation.fr\/#\/schema\/logo\/image\/\",\"url\":\"https:\/\/al-climatisation.fr\/wp-content\/uploads\/2022\/08\/cropped-IMG_1307-1.png\",\"contentUrl\":\"https:\/\/al-climatisation.fr\/wp-content\/uploads\/2022\/08\/cropped-IMG_1307-1.png\",\"width\":2475,\"height\":2475,\"caption\":\"AL CLIMATISATION\"},\"image\":{\"@id\":\"https:\/\/al-climatisation.fr\/#\/schema\/logo\/image\/\"},\"sameAs\":[\"https:\/\/www.facebook.com\/profile.php?id=100083103140325\",\"https:\/\/instagram.com\/Al.climatisation\",\"https:\/\/www.linkedin.com\/company\/al-climatisation\/\"]}]}<\/script>\n<!-- \/ Yoast SEO plugin. -->","yoast_head_json":{"title":"Cache groupe D\u00e9coclimCache groupe - AL CLIMATISATION","description":"D\u00e9couvrez-en davantage sur les caches groupe ext\u00e9rieur, nos r\u00e9alisations, et explorez les solutions que nous pouvons vous proposer.","robots":{"index":"index","follow":"follow","max-snippet":"max-snippet:-1","max-image-preview":"max-image-preview:large","max-video-preview":"max-video-preview:-1"},"canonical":"https:\/\/al-climatisation.fr\/index.php\/decoclim\/","og_locale":"fr_FR","og_type":"article","og_title":"Cache groupe D\u00e9coclimCache groupe - AL CLIMATISATION","og_description":"D\u00e9couvrez-en davantage sur les caches groupe ext\u00e9rieur, nos r\u00e9alisations, et explorez les solutions que nous pouvons vous proposer.","og_url":"https:\/\/al-climatisation.fr\/index.php\/decoclim\/","og_site_name":"AL CLIMATISATION","article_publisher":"https:\/\/www.facebook.com\/profile.php?id=100083103140325","article_modified_time":"2024-02-04T16:14:26+00:00","og_image":[{"url":"https:\/\/i2.wp.com\/al-climatisation.fr\/wp-content\/uploads\/2022\/10\/Capture-decran-2022-10-20-a-21.52.07.png?ssl=1","type":"","width":"","height":""}],"twitter_card":"summary_large_image","twitter_misc":{"Dur\u00e9e de lecture estim\u00e9e":"4 minutes"},"schema":{"@context":"https:\/\/schema.org","@graph":[{"@type":"WebPage","@id":"https:\/\/al-climatisation.fr\/index.php\/decoclim\/","url":"https:\/\/al-climatisation.fr\/index.php\/decoclim\/","name":"Cache groupe D\u00e9coclimCache groupe - AL CLIMATISATION","isPartOf":{"@id":"https:\/\/al-climatisation.fr\/#website"},"primaryImageOfPage":{"@id":"https:\/\/al-climatisation.fr\/index.php\/decoclim\/#primaryimage"},"image":{"@id":"https:\/\/al-climatisation.fr\/index.php\/decoclim\/#primaryimage"},"thumbnailUrl":"https:\/\/i2.wp.com\/al-climatisation.fr\/wp-content\/uploads\/2022\/10\/Capture-decran-2022-10-20-a-21.52.07.png?ssl=1","datePublished":"2023-09-03T17:42:50+00:00","dateModified":"2024-02-04T16:14:26+00:00","description":"D\u00e9couvrez-en davantage sur les caches groupe ext\u00e9rieur, nos r\u00e9alisations, et explorez les solutions que nous pouvons vous proposer.","breadcrumb":{"@id":"https:\/\/al-climatisation.fr\/index.php\/decoclim\/#breadcrumb"},"inLanguage":"fr-FR","potentialAction":[{"@type":"ReadAction","target":["https:\/\/al-climatisation.fr\/index.php\/decoclim\/"]}]},{"@type":"ImageObject","inLanguage":"fr-FR","@id":"https:\/\/al-climatisation.fr\/index.php\/decoclim\/#primaryimage","url":"https:\/\/i2.wp.com\/al-climatisation.fr\/wp-content\/uploads\/2022\/10\/Capture-decran-2022-10-20-a-21.52.07.png?ssl=1","contentUrl":"https:\/\/i2.wp.com\/al-climatisation.fr\/wp-content\/uploads\/2022\/10\/Capture-decran-2022-10-20-a-21.52.07.png?ssl=1"},{"@type":"BreadcrumbList","@id":"https:\/\/al-climatisation.fr\/index.php\/decoclim\/#breadcrumb","itemListElement":[{"@type":"ListItem","position":1,"name":"Accueil","item":"https:\/\/al-climatisation.fr\/"},{"@type":"ListItem","position":2,"name":"Cache groupe"}]},{"@type":"WebSite","@id":"https:\/\/al-climatisation.fr\/#website","url":"https:\/\/al-climatisation.fr\/","name":"AL CLIMATISATION","description":"Expert pour vos pompes \u00e0 chaleur","publisher":{"@id":"https:\/\/al-climatisation.fr\/#organization"},"potentialAction":[{"@type":"SearchAction","target":{"@type":"EntryPoint","urlTemplate":"https:\/\/al-climatisation.fr\/?s={search_term_string}"},"query-input":{"@type":"PropertyValueSpecification","valueRequired":true,"valueName":"search_term_string"}}],"inLanguage":"fr-FR"},{"@type":"Organization","@id":"https:\/\/al-climatisation.fr\/#organization","name":"AL CLIMATISATION","url":"https:\/\/al-climatisation.fr\/","logo":{"@type":"ImageObject","inLanguage":"fr-FR","@id":"https:\/\/al-climatisation.fr\/#\/schema\/logo\/image\/","url":"https:\/\/al-climatisation.fr\/wp-content\/uploads\/2022\/08\/cropped-IMG_1307-1.png","contentUrl":"https:\/\/al-climatisation.fr\/wp-content\/uploads\/2022\/08\/cropped-IMG_1307-1.png","width":2475,"height":2475,"caption":"AL CLIMATISATION"},"image":{"@id":"https:\/\/al-climatisation.fr\/#\/schema\/logo\/image\/"},"sameAs":["https:\/\/www.facebook.com\/profile.php?id=100083103140325","https:\/\/instagram.com\/Al.climatisation","https:\/\/www.linkedin.com\/company\/al-climatisation\/"]}]}},"jetpack_sharing_enabled":true,"_links":{"self":[{"href":"https:\/\/al-climatisation.fr\/index.php\/wp-json\/wp\/v2\/pages\/719"}],"collection":[{"href":"https:\/\/al-climatisation.fr\/index.php\/wp-json\/wp\/v2\/pages"}],"about":[{"href":"https:\/\/al-climatisation.fr\/index.php\/wp-json\/wp\/v2\/types\/page"}],"author":[{"embeddable":true,"href":"https:\/\/al-climatisation.fr\/index.php\/wp-json\/wp\/v2\/users\/1"}],"replies":[{"embeddable":true,"href":"https:\/\/al-climatisation.fr\/index.php\/wp-json\/wp\/v2\/comments?post=719"}],"version-history":[{"count":65,"href":"https:\/\/al-climatisation.fr\/index.php\/wp-json\/wp\/v2\/pages\/719\/revisions"}],"predecessor-version":[{"id":1704,"href":"https:\/\/al-climatisation.fr\/index.php\/wp-json\/wp\/v2\/pages\/719\/revisions\/1704"}],"wp:attachment":[{"href":"https:\/\/al-climatisation.fr\/index.php\/wp-json\/wp\/v2\/media?parent=719"}],"curies":[{"name":"wp","href":"https:\/\/api.w.org\/{rel}","templated":true}]}}