{"id":1648,"date":"2024-02-04T18:28:39","date_gmt":"2024-02-04T17:28:39","guid":{"rendered":"https:\/\/al-climatisation.fr\/?page_id=1648"},"modified":"2024-02-04T19:50:47","modified_gmt":"2024-02-04T18:50:47","slug":"climatisation","status":"publish","type":"page","link":"https:\/\/al-climatisation.fr\/index.php\/climatisation\/","title":{"rendered":"Climatisation"},"content":{"rendered":"\n<div class=\"wp-block-cover aligncenter has-parallax is-style-default\" style=\"border-style:none;border-width:0px;border-radius:0px;margin-top:0;margin-bottom:0;padding-top:0;padding-right:0;padding-bottom:0;padding-left:0\"><span aria-hidden=\"true\" class=\"wp-block-cover__background has-background-dim-20 has-background-dim\"><\/span><div role=\"img\" class=\"wp-block-cover__image-background wp-image-487 has-parallax\" style=\"background-position:50% 50%;background-image:url(https:\/\/al-climatisation.fr\/wp-content\/uploads\/2022\/09\/IMG_2798.jpg)\"><\/div><div class=\"wp-block-cover__inner-container has-global-padding is-layout-constrained wp-container-core-cover-is-layout-1 wp-block-cover-is-layout-constrained\">\n<h2 class=\"wp-block-heading has-text-align-center has-lightcolor-color has-text-color has-link-color coblocks-animate wp-elements-64556694256869b86b2ebdb9be0fb64f\" data-coblocks-animation=\"fadeIn\">Climatisation<\/h2>\n\n\n\n<h2 class=\"wp-block-heading has-text-align-center has-lightcolor-color has-text-color has-link-color coblocks-animate wp-elements-5e9918a287a3e1e30ca7b228a6a92db0\" data-coblocks-animation=\"fadeIn\">Pompe \u00e0 chaleur air\/air<\/h2>\n<\/div><\/div>\n\n\n\n<div style=\"height:41px\" aria-hidden=\"true\" class=\"wp-block-spacer\"><\/div>\n\n\n\n<p class=\"wp-block-coblocks-highlight\" style=\"font-size:17px;line-height:1.5\"><mark class=\"wp-block-coblocks-highlight__content has-black-color has-text-color has-background\" style=\"background-color:#8abfcf\">Implant\u00e9s \u00e0 Cormontreuil, au c\u0153ur de la Marne, faites confiance \u00e0 notre expertise pour garantir un climat int\u00e9rieur optimal toute l&rsquo;ann\u00e9e. <br><br>Commun\u00e9ment appel\u00e9es climatisations, les pompes \u00e0 chaleur air\/air sont notre domaine d&rsquo;expertise, couvrant notamment :<br><br> &#8211;<strong> L&rsquo;installation<\/strong> et <strong>remplacement<\/strong>, que ce soit dans le cadre de projets neufs ou de r\u00e9novations.<br> &#8211; <strong>L&rsquo;entretien<\/strong> et maintenance de vos appareils, assurant ainsi leur long\u00e9vit\u00e9 et \u00e9vitant une surconsommation. Nous nous conformons aux r\u00e9glementations en vigueur concernant les contr\u00f4les d&rsquo;\u00e9tanch\u00e9it\u00e9 des syst\u00e8mes.<br> &#8211;<strong> Le d\u00e9pannage<\/strong>, intervenant rapidement pour r\u00e9soudre les probl\u00e8mes et rendre vos appareils fonctionnels dans les meilleurs d\u00e9lais.<\/mark><\/p>\n\n\n\n<div style=\"height:41px\" aria-hidden=\"true\" class=\"wp-block-spacer\"><\/div>\n\n\n\n<h2 class=\"wp-block-heading has-text-color\" style=\"color:#1a3763;line-height:1.7\">Pourquoi choisir la pompe \u00e0 chaleur air\/air (climatisation)<\/h2>\n\n\n\n<hr class=\"wp-block-coblocks-dynamic-separator has-background is-style-fullwidth\" style=\"color:#1a3763;height:20px\"\/>\n\n\n\n<p class=\"wp-block-coblocks-highlight\" style=\"line-height:1.5\"><mark class=\"wp-block-coblocks-highlight__content has-black-color has-text-color has-background\" style=\"background-color:#8abfcf\">Les pompes \u00e0 chaleur air\/air (climatisation) puisent 75 % de leur besoin \u00e9nerg\u00e9tique directement dans la nature (air, sol, nappe phr\u00e9atique), ne n\u00e9cessitant que 25 % de couverture par l&rsquo;\u00e9lectricit\u00e9.<br>Elles offrent un contr\u00f4le et une r\u00e9gulation efficaces de la temp\u00e9rature \u00e0 l&rsquo;int\u00e9rieur de votre logement ou de vos bureaux tout au long de l&rsquo;ann\u00e9e, que ce soit pour le chauffage ou le rafra\u00eechissement.<\/mark><\/p>\n\n\n\n<div style=\"height:40px\" aria-hidden=\"true\" class=\"wp-block-spacer\"><\/div>\n\n\n\n<h2 class=\"wp-block-heading has-text-color\" style=\"color:#1a3763;line-height:1.7\">Comment<\/h2>\n\n\n\n<hr class=\"wp-block-coblocks-dynamic-separator has-background is-style-fullwidth\" style=\"color:#1a3763;height:20px\"\/>\n\n\n\n<p class=\"wp-block-coblocks-highlight\" style=\"line-height:1.5\"><mark class=\"wp-block-coblocks-highlight__content has-black-color has-text-color has-background\" style=\"background-color:#8abfcf\">Avec diff\u00e9rents types de groupes de pompes \u00e0 chaleur air\/air :<br><br> &#8211; Le <strong>mono-split<\/strong>, compos\u00e9 d&rsquo;un groupe ext\u00e9rieur, d&rsquo;une sortie et d&rsquo;une unit\u00e9 int\u00e9rieure.<br> &#8211; Le <strong>multi-split<\/strong>, \u00e9quip\u00e9 d&rsquo;un groupe ext\u00e9rieur de 2 \u00e0 5 sorties et de 2 \u00e0 5 unit\u00e9s int\u00e9rieures.<br> &#8211; Les gammes \u00ab\u00a0<strong>DRV<\/strong>\u00a0\u00bb ou \u00ab\u00a0<strong>VRV<\/strong>\u00a0\u00bb permettent d&rsquo;associer jusqu&rsquo;\u00e0 64 unit\u00e9s int\u00e9rieures par groupe ext\u00e9rieur.<br><br>Ces groupes peuvent \u00eatre associ\u00e9s \u00e0 diff\u00e9rentes unit\u00e9s int\u00e9rieures, telles que :<br><br> &#8211; Les <strong>murales<\/strong>, fix\u00e9es en hauteur, compactes et \u00e9l\u00e9gantes.<br> &#8211; Les <strong>gainables<\/strong>, discrets, install\u00e9es dans les combles, o\u00f9 un syst\u00e8me de gaines achemine l&rsquo;air climatis\u00e9 vers des bouches de soufflage situ\u00e9es au plafond.<br> &#8211; Les <strong>cassettes<\/strong> encastrables ou carross\u00e9es (plus souvent utilis\u00e9es dans le secteur tertiaire).<br> &#8211; Les <strong>plafonniers<\/strong>, suspendus au plafond (plus souvent utilis\u00e9s dans le secteur tertiaire).<\/mark><\/p>\n\n\n\n<div style=\"height:40px\" aria-hidden=\"true\" class=\"wp-block-spacer\"><\/div>\n\n\n\n<h2 class=\"wp-block-heading has-text-color\" style=\"color:#1a3763;line-height:1.7\">Pour qui<\/h2>\n\n\n\n<hr class=\"wp-block-coblocks-dynamic-separator has-background is-style-fullwidth\" style=\"color:#1a3763;height:20px\"\/>\n\n\n\n<p class=\"wp-block-coblocks-highlight\" style=\"line-height:1.5\"><mark class=\"wp-block-coblocks-highlight__content has-black-color has-text-color has-background\" style=\"background-color:#8abfcf\">La climatisation est adapt\u00e9e \u00e0 divers secteurs et environnements pour garantir des conditions de vie et de travail agr\u00e9ables, am\u00e9liorer la productivit\u00e9, et assurer le bon fonctionnement des \u00e9quipements sensibles \u00e0 la temp\u00e9rature.<br><br>Dans le <strong>r\u00e9sidentiel<\/strong> : Maison, appartement, mobile home.<br><br>Dans le <strong>commerce<\/strong> : Les entreprises, magasins, restaurants, bureaux et autres \u00e9tablissements commerciaux.<br><br>Dans<strong> <\/strong>l<strong>&lsquo;industrie<\/strong> : Dans les installations industrielles telles que les locaux machineries, les locaux serveurs, etc.<\/mark><\/p>\n\n\n\n<div style=\"height:40px\" aria-hidden=\"true\" class=\"wp-block-spacer\"><\/div>\n\n\n\n<h2 class=\"wp-block-heading has-text-color\" style=\"color:#1a3763;line-height:1.7\">Avantages et fonctionnement<\/h2>\n\n\n\n<hr class=\"wp-block-coblocks-dynamic-separator has-background is-style-fullwidth\" style=\"color:#1a3763;height:10px\"\/>\n\n\n\n<p class=\"wp-block-coblocks-highlight\" style=\"line-height:1.5\"><mark class=\"wp-block-coblocks-highlight__content has-black-color has-text-color has-background\" style=\"background-color:#8abfcf\"><strong>Les avantages d&rsquo;un syst\u00e8me de pompe \u00e0 chaleur :<\/strong><br>  &#8211; Utilisation de sources d&rsquo;\u00e9nergie naturelles in\u00e9puisables : jusqu&rsquo;\u00e0 75 % de l&rsquo;\u00e9nergie provient de l&rsquo;environnement, 25 % seulement doit&nbsp;\u00eatre couvert par l&rsquo;\u00e9lectricit\u00e9.<br>  &#8211; Aucune \u00e9mission.<br>  &#8211; Technologie simple et de haute qualit\u00e9 caract\u00e9ris\u00e9e par un entretien minimum et une longue dur\u00e9e de vie.<br><br><br><strong>Fonctionnement d&rsquo;une pompe \u00e0 chaleur en mode chauffage.<\/strong><br>Les pompes \u00e0 chaleur en mode chauffage fonctionnent selon le principe inverse de celui d&rsquo;un r\u00e9frig\u00e9rateur. Le r\u00e9frig\u00e9rateur transmet la chaleur de l&rsquo;int\u00e9rieur vers l&rsquo;ext\u00e9rieur alors que la pompe \u00e0 chaleur pr\u00e9l\u00e8ve la chaleur de l&rsquo;environnement et la transmet au syst\u00e8me. <br>La chaleur contenue dans l&rsquo;atmosph\u00e8re est absorb\u00e9e par un fluide r\u00e9frig\u00e9rant puis, apr\u00e8s la compression, elle est utilis\u00e9e pour fournir de la chaleur au syst\u00e8me.<br><br><br><strong>Fonctionnement d&rsquo;une pompe \u00e0 chaleur en mode refroidissement<\/strong>.<br>  En mode refroidissement, la phase de liqu\u00e9faction devient une phase d&rsquo;\u00e9vaporation. Il transmet la chaleur ambiante \u00e0 l&rsquo;agent r\u00e9frig\u00e9rant. L&rsquo;agent r\u00e9frig\u00e9rant gazeux passe alors dans le condenseur et, de l\u00e0, \u00e0 l&rsquo;\u00e9changeur de chaleur, qui lib\u00e8re la chaleur extraite des pi\u00e8ces et l&rsquo;envoie dans l&rsquo;air.<br><br><br><strong>Globalement, la pompe \u00e0 chaleur passe par un cycle en quatre phases : <\/strong><br>  1. Evaporation : Lors de la premi\u00e8re phase, le fluide r\u00e9frig\u00e9rant, en raison de sa faible temp\u00e9rature, absorbe l&rsquo;\u00e9nergie de l&rsquo;environnement. Ce faisant, il passe \u00e0 l&rsquo;\u00e9tat gazeux en raison de la basse temp\u00e9rature d&rsquo;\u00e9vaporation.<br>  2. Compression : Lors de la deuxi\u00e8me phase, la vapeur produite est comprim\u00e9e dans un compresseur. Les mol\u00e9cules de gaz s&rsquo;entrechoquent suite \u00e0 l&rsquo;augmentation de pression dans un espace restreint. La cons\u00e9quence est une hausse des temp\u00e9ratures.<br>  3. Liqu\u00e9faction : Lors de la troisi\u00e8me phase, le gaz chaud transmet sa chaleur au syst\u00e8me de chauffage. L&rsquo;agent r\u00e9frig\u00e9rant se liqu\u00e9fie \u00e0 nouveau.<br>  4. D\u00e9tente : Pour finir lors de la derni\u00e8re phase, une vanne d&rsquo;expansion r\u00e9duit \u00e0 nouveau la pression g\u00e9n\u00e9r\u00e9e lors de la phase 2 de sorte que l&rsquo;agent r\u00e9frig\u00e9rant r\u00e9absorbe la chaleur ambiante; le processus peut alors red\u00e9marrer.<\/mark><\/p>\n\n\n\n<div style=\"height:40px\" aria-hidden=\"true\" class=\"wp-block-spacer\"><\/div>\n\n\n\n<h2 class=\"wp-block-heading has-text-color\" style=\"color:#1a3763;line-height:1.7\">Retrouvez nos installations<\/h2>\n\n\n\n<hr class=\"wp-block-coblocks-dynamic-separator has-background is-style-fullwidth\" style=\"color:#1a3763;height:20px\"\/>\n\n\n\n<div class=\"wp-block-group has-bg-color-color has-transparent-background-color has-text-color has-background has-link-color wp-elements-da0d53f90d2984bcb793b8c2ae341c4d is-layout-flow wp-block-group-is-layout-flow\" style=\"border-style:none;border-width:0px;border-radius:100px;padding:var(--wp--custom--spacing--medium)\">\n<div style=\"height:10px\" aria-hidden=\"true\" class=\"wp-block-spacer\"><\/div>\n\n\n\n<div class=\"wp-block-columns is-layout-flex wp-container-core-columns-is-layout-1 wp-block-columns-is-layout-flex\">\n<div class=\"wp-block-column has-transparent-background-color has-background is-layout-flow wp-block-column-is-layout-flow\" style=\"border-style:none;border-width:0px\">\n<div class=\"wp-block-group has-primary-background-color has-background is-layout-flow wp-block-group-is-layout-flow\" style=\"border-style:none;border-width:0px;border-radius:100px;margin-bottom:1.25em\">\n<figure class=\"wp-block-image aligncenter size-full is-resized has-custom-border is-style-rounded\"><img loading=\"lazy\" decoding=\"async\" width=\"1280\" height=\"720\" src=\"https:\/\/al-climatisation.fr\/wp-content\/uploads\/2024\/01\/maxresdefault.jpg\" alt=\"\" class=\"wp-image-1319\" style=\"border-style:none;border-width:0px;border-radius:100%;object-fit:cover;width:325px;height:325px\" srcset=\"https:\/\/al-climatisation.fr\/wp-content\/uploads\/2024\/01\/maxresdefault.jpg 1280w, https:\/\/al-climatisation.fr\/wp-content\/uploads\/2024\/01\/maxresdefault-300x169.jpg 300w, https:\/\/al-climatisation.fr\/wp-content\/uploads\/2024\/01\/maxresdefault-1024x576.jpg 1024w, https:\/\/al-climatisation.fr\/wp-content\/uploads\/2024\/01\/maxresdefault-768x432.jpg 768w\" sizes=\"(max-width: 1280px) 100vw, 1280px\" \/><\/figure>\n\n\n\n<div style=\"height:10px\" aria-hidden=\"true\" class=\"wp-block-spacer\"><\/div>\n\n\n\n<h5 class=\"wp-block-heading has-text-align-center has-bg-color-color has-text-color has-link-color wp-elements-38ba62581a2214115463784a083f430b\" style=\"margin-top:0;margin-bottom:0.38em;text-transform:uppercase\">R\u00e9alisations<\/h5>\n\n\n\n<p class=\"has-text-align-center no-margin-top\"><a href=\"https:\/\/al-climatisation.fr\/index.php\/air-air\/\">Pompe \u00e0 chaleur air\/air<\/a><\/p>\n\n\n\n<div style=\"height:10px\" aria-hidden=\"true\" class=\"wp-block-spacer\"><\/div>\n<\/div>\n<\/div>\n\n\n\n<div class=\"wp-block-column has-transparent-background-color has-background is-layout-flow wp-block-column-is-layout-flow\" style=\"border-style:none;border-width:0px\">\n<div class=\"wp-block-group has-primary-background-color has-background is-layout-flow wp-block-group-is-layout-flow\" style=\"border-style:none;border-width:0px;border-radius:100px;margin-bottom:1.25em\">\n<figure class=\"wp-block-image aligncenter size-full is-resized has-custom-border is-style-rounded\"><img loading=\"lazy\" decoding=\"async\" width=\"544\" height=\"544\" src=\"https:\/\/al-climatisation.fr\/wp-content\/uploads\/2024\/02\/6d1eca15a248864962c6e9a8d3d13945_800x.jpg-edited.webp\" alt=\"\" class=\"wp-image-1663\" style=\"border-style:none;border-width:0px;border-radius:100%;width:325px\" srcset=\"https:\/\/al-climatisation.fr\/wp-content\/uploads\/2024\/02\/6d1eca15a248864962c6e9a8d3d13945_800x.jpg-edited.webp 544w, https:\/\/al-climatisation.fr\/wp-content\/uploads\/2024\/02\/6d1eca15a248864962c6e9a8d3d13945_800x.jpg-edited-300x300.webp 300w, https:\/\/al-climatisation.fr\/wp-content\/uploads\/2024\/02\/6d1eca15a248864962c6e9a8d3d13945_800x.jpg-edited-150x150.webp 150w\" sizes=\"(max-width: 544px) 100vw, 544px\" \/><\/figure>\n\n\n\n<div style=\"height:10px\" aria-hidden=\"true\" class=\"wp-block-spacer\"><\/div>\n\n\n\n<h5 class=\"wp-block-heading has-text-align-center has-bg-color-color has-text-color has-link-color wp-elements-38ba62581a2214115463784a083f430b\" style=\"margin-top:0;margin-bottom:0.38em;text-transform:uppercase\">R\u00e9alisations<\/h5>\n\n\n\n<p class=\"has-text-align-center no-margin-top\"><a href=\"https:\/\/al-climatisation.fr\/index.php\/air-air-avec-ecs\/\">Pompe \u00e0 chaleur air\/air avec ECS<\/a><\/p>\n\n\n\n<div style=\"height:10px\" aria-hidden=\"true\" class=\"wp-block-spacer\"><\/div>\n<\/div>\n<\/div>\n<\/div>\n\n\n\n<p><\/p>\n<\/div>\n","protected":false},"excerpt":{"rendered":"<p>Pourquoi choisir la pompe \u00e0 chaleur air\/air (climatisation) Comment Pour qui Avantages et fonctionnement Retrouvez nos installations R\u00e9alisations Pompe \u00e0 chaleur air\/air R\u00e9alisations Pompe \u00e0 chaleur air\/air avec ECS<\/p>\n","protected":false},"author":1,"featured_media":0,"parent":0,"menu_order":0,"comment_status":"closed","ping_status":"closed","template":"","meta":{"_coblocks_attr":"","_coblocks_dimensions":"","_coblocks_responsive_height":"","_coblocks_accordion_ie_support":"","footnotes":""},"class_list":["post-1648","page","type-page","status-publish","hentry"],"yoast_head":"<!-- This site is optimized with the Yoast SEO plugin v24.9 - https:\/\/yoast.com\/wordpress\/plugins\/seo\/ -->\n<title>Climatisation - AL CLIMATISATION<\/title>\n<meta name=\"description\" content=\"D\u00e9couvrez nos solutions de climatisation, adapt\u00e9es aux besoins r\u00e9sidentiels et commerciaux, pour un confort thermique optimal toute l&#039;ann\u00e9e.\" \/>\n<meta name=\"robots\" content=\"index, follow, max-snippet:-1, max-image-preview:large, max-video-preview:-1\" \/>\n<link rel=\"canonical\" href=\"https:\/\/al-climatisation.fr\/index.php\/climatisation\/\" \/>\n<meta property=\"og:locale\" content=\"fr_FR\" \/>\n<meta property=\"og:type\" content=\"article\" \/>\n<meta property=\"og:title\" content=\"Climatisation - AL CLIMATISATION\" \/>\n<meta property=\"og:description\" content=\"D\u00e9couvrez nos solutions de climatisation, adapt\u00e9es aux besoins r\u00e9sidentiels et commerciaux, pour un confort thermique optimal toute l&#039;ann\u00e9e.\" \/>\n<meta property=\"og:url\" content=\"https:\/\/al-climatisation.fr\/index.php\/climatisation\/\" \/>\n<meta property=\"og:site_name\" content=\"AL CLIMATISATION\" \/>\n<meta property=\"article:publisher\" content=\"https:\/\/www.facebook.com\/profile.php?id=100083103140325\" \/>\n<meta property=\"article:modified_time\" content=\"2024-02-04T18:50:47+00:00\" \/>\n<meta property=\"og:image\" content=\"https:\/\/al-climatisation.fr\/wp-content\/uploads\/2024\/01\/maxresdefault.jpg\" \/>\n<meta name=\"twitter:card\" content=\"summary_large_image\" \/>\n<meta name=\"twitter:label1\" content=\"Dur\u00e9e de lecture estim\u00e9e\" \/>\n\t<meta name=\"twitter:data1\" content=\"4 minutes\" \/>\n<script type=\"application\/ld+json\" class=\"yoast-schema-graph\">{\"@context\":\"https:\/\/schema.org\",\"@graph\":[{\"@type\":\"WebPage\",\"@id\":\"https:\/\/al-climatisation.fr\/index.php\/climatisation\/\",\"url\":\"https:\/\/al-climatisation.fr\/index.php\/climatisation\/\",\"name\":\"Climatisation - AL CLIMATISATION\",\"isPartOf\":{\"@id\":\"https:\/\/al-climatisation.fr\/#website\"},\"primaryImageOfPage\":{\"@id\":\"https:\/\/al-climatisation.fr\/index.php\/climatisation\/#primaryimage\"},\"image\":{\"@id\":\"https:\/\/al-climatisation.fr\/index.php\/climatisation\/#primaryimage\"},\"thumbnailUrl\":\"https:\/\/al-climatisation.fr\/wp-content\/uploads\/2024\/01\/maxresdefault.jpg\",\"datePublished\":\"2024-02-04T17:28:39+00:00\",\"dateModified\":\"2024-02-04T18:50:47+00:00\",\"description\":\"D\u00e9couvrez nos solutions de climatisation, adapt\u00e9es aux besoins r\u00e9sidentiels et commerciaux, pour un confort thermique optimal toute l'ann\u00e9e.\",\"breadcrumb\":{\"@id\":\"https:\/\/al-climatisation.fr\/index.php\/climatisation\/#breadcrumb\"},\"inLanguage\":\"fr-FR\",\"potentialAction\":[{\"@type\":\"ReadAction\",\"target\":[\"https:\/\/al-climatisation.fr\/index.php\/climatisation\/\"]}]},{\"@type\":\"ImageObject\",\"inLanguage\":\"fr-FR\",\"@id\":\"https:\/\/al-climatisation.fr\/index.php\/climatisation\/#primaryimage\",\"url\":\"https:\/\/al-climatisation.fr\/wp-content\/uploads\/2024\/01\/maxresdefault.jpg\",\"contentUrl\":\"https:\/\/al-climatisation.fr\/wp-content\/uploads\/2024\/01\/maxresdefault.jpg\",\"width\":1280,\"height\":720},{\"@type\":\"BreadcrumbList\",\"@id\":\"https:\/\/al-climatisation.fr\/index.php\/climatisation\/#breadcrumb\",\"itemListElement\":[{\"@type\":\"ListItem\",\"position\":1,\"name\":\"Accueil\",\"item\":\"https:\/\/al-climatisation.fr\/\"},{\"@type\":\"ListItem\",\"position\":2,\"name\":\"Climatisation\"}]},{\"@type\":\"WebSite\",\"@id\":\"https:\/\/al-climatisation.fr\/#website\",\"url\":\"https:\/\/al-climatisation.fr\/\",\"name\":\"AL CLIMATISATION\",\"description\":\"Expert pour vos pompes \u00e0 chaleur\",\"publisher\":{\"@id\":\"https:\/\/al-climatisation.fr\/#organization\"},\"potentialAction\":[{\"@type\":\"SearchAction\",\"target\":{\"@type\":\"EntryPoint\",\"urlTemplate\":\"https:\/\/al-climatisation.fr\/?s={search_term_string}\"},\"query-input\":{\"@type\":\"PropertyValueSpecification\",\"valueRequired\":true,\"valueName\":\"search_term_string\"}}],\"inLanguage\":\"fr-FR\"},{\"@type\":\"Organization\",\"@id\":\"https:\/\/al-climatisation.fr\/#organization\",\"name\":\"AL CLIMATISATION\",\"url\":\"https:\/\/al-climatisation.fr\/\",\"logo\":{\"@type\":\"ImageObject\",\"inLanguage\":\"fr-FR\",\"@id\":\"https:\/\/al-climatisation.fr\/#\/schema\/logo\/image\/\",\"url\":\"https:\/\/al-climatisation.fr\/wp-content\/uploads\/2022\/08\/cropped-IMG_1307-1.png\",\"contentUrl\":\"https:\/\/al-climatisation.fr\/wp-content\/uploads\/2022\/08\/cropped-IMG_1307-1.png\",\"width\":2475,\"height\":2475,\"caption\":\"AL CLIMATISATION\"},\"image\":{\"@id\":\"https:\/\/al-climatisation.fr\/#\/schema\/logo\/image\/\"},\"sameAs\":[\"https:\/\/www.facebook.com\/profile.php?id=100083103140325\",\"https:\/\/instagram.com\/Al.climatisation\",\"https:\/\/www.linkedin.com\/company\/al-climatisation\/\"]}]}<\/script>\n<!-- \/ Yoast SEO plugin. -->","yoast_head_json":{"title":"Climatisation - AL CLIMATISATION","description":"D\u00e9couvrez nos solutions de climatisation, adapt\u00e9es aux besoins r\u00e9sidentiels et commerciaux, pour un confort thermique optimal toute l'ann\u00e9e.","robots":{"index":"index","follow":"follow","max-snippet":"max-snippet:-1","max-image-preview":"max-image-preview:large","max-video-preview":"max-video-preview:-1"},"canonical":"https:\/\/al-climatisation.fr\/index.php\/climatisation\/","og_locale":"fr_FR","og_type":"article","og_title":"Climatisation - AL CLIMATISATION","og_description":"D\u00e9couvrez nos solutions de climatisation, adapt\u00e9es aux besoins r\u00e9sidentiels et commerciaux, pour un confort thermique optimal toute l'ann\u00e9e.","og_url":"https:\/\/al-climatisation.fr\/index.php\/climatisation\/","og_site_name":"AL CLIMATISATION","article_publisher":"https:\/\/www.facebook.com\/profile.php?id=100083103140325","article_modified_time":"2024-02-04T18:50:47+00:00","og_image":[{"url":"https:\/\/al-climatisation.fr\/wp-content\/uploads\/2024\/01\/maxresdefault.jpg","type":"","width":"","height":""}],"twitter_card":"summary_large_image","twitter_misc":{"Dur\u00e9e de lecture estim\u00e9e":"4 minutes"},"schema":{"@context":"https:\/\/schema.org","@graph":[{"@type":"WebPage","@id":"https:\/\/al-climatisation.fr\/index.php\/climatisation\/","url":"https:\/\/al-climatisation.fr\/index.php\/climatisation\/","name":"Climatisation - AL CLIMATISATION","isPartOf":{"@id":"https:\/\/al-climatisation.fr\/#website"},"primaryImageOfPage":{"@id":"https:\/\/al-climatisation.fr\/index.php\/climatisation\/#primaryimage"},"image":{"@id":"https:\/\/al-climatisation.fr\/index.php\/climatisation\/#primaryimage"},"thumbnailUrl":"https:\/\/al-climatisation.fr\/wp-content\/uploads\/2024\/01\/maxresdefault.jpg","datePublished":"2024-02-04T17:28:39+00:00","dateModified":"2024-02-04T18:50:47+00:00","description":"D\u00e9couvrez nos solutions de climatisation, adapt\u00e9es aux besoins r\u00e9sidentiels et commerciaux, pour un confort thermique optimal toute l'ann\u00e9e.","breadcrumb":{"@id":"https:\/\/al-climatisation.fr\/index.php\/climatisation\/#breadcrumb"},"inLanguage":"fr-FR","potentialAction":[{"@type":"ReadAction","target":["https:\/\/al-climatisation.fr\/index.php\/climatisation\/"]}]},{"@type":"ImageObject","inLanguage":"fr-FR","@id":"https:\/\/al-climatisation.fr\/index.php\/climatisation\/#primaryimage","url":"https:\/\/al-climatisation.fr\/wp-content\/uploads\/2024\/01\/maxresdefault.jpg","contentUrl":"https:\/\/al-climatisation.fr\/wp-content\/uploads\/2024\/01\/maxresdefault.jpg","width":1280,"height":720},{"@type":"BreadcrumbList","@id":"https:\/\/al-climatisation.fr\/index.php\/climatisation\/#breadcrumb","itemListElement":[{"@type":"ListItem","position":1,"name":"Accueil","item":"https:\/\/al-climatisation.fr\/"},{"@type":"ListItem","position":2,"name":"Climatisation"}]},{"@type":"WebSite","@id":"https:\/\/al-climatisation.fr\/#website","url":"https:\/\/al-climatisation.fr\/","name":"AL CLIMATISATION","description":"Expert pour vos pompes \u00e0 chaleur","publisher":{"@id":"https:\/\/al-climatisation.fr\/#organization"},"potentialAction":[{"@type":"SearchAction","target":{"@type":"EntryPoint","urlTemplate":"https:\/\/al-climatisation.fr\/?s={search_term_string}"},"query-input":{"@type":"PropertyValueSpecification","valueRequired":true,"valueName":"search_term_string"}}],"inLanguage":"fr-FR"},{"@type":"Organization","@id":"https:\/\/al-climatisation.fr\/#organization","name":"AL CLIMATISATION","url":"https:\/\/al-climatisation.fr\/","logo":{"@type":"ImageObject","inLanguage":"fr-FR","@id":"https:\/\/al-climatisation.fr\/#\/schema\/logo\/image\/","url":"https:\/\/al-climatisation.fr\/wp-content\/uploads\/2022\/08\/cropped-IMG_1307-1.png","contentUrl":"https:\/\/al-climatisation.fr\/wp-content\/uploads\/2022\/08\/cropped-IMG_1307-1.png","width":2475,"height":2475,"caption":"AL CLIMATISATION"},"image":{"@id":"https:\/\/al-climatisation.fr\/#\/schema\/logo\/image\/"},"sameAs":["https:\/\/www.facebook.com\/profile.php?id=100083103140325","https:\/\/instagram.com\/Al.climatisation","https:\/\/www.linkedin.com\/company\/al-climatisation\/"]}]}},"jetpack_sharing_enabled":true,"_links":{"self":[{"href":"https:\/\/al-climatisation.fr\/index.php\/wp-json\/wp\/v2\/pages\/1648"}],"collection":[{"href":"https:\/\/al-climatisation.fr\/index.php\/wp-json\/wp\/v2\/pages"}],"about":[{"href":"https:\/\/al-climatisation.fr\/index.php\/wp-json\/wp\/v2\/types\/page"}],"author":[{"embeddable":true,"href":"https:\/\/al-climatisation.fr\/index.php\/wp-json\/wp\/v2\/users\/1"}],"replies":[{"embeddable":true,"href":"https:\/\/al-climatisation.fr\/index.php\/wp-json\/wp\/v2\/comments?post=1648"}],"version-history":[{"count":16,"href":"https:\/\/al-climatisation.fr\/index.php\/wp-json\/wp\/v2\/pages\/1648\/revisions"}],"predecessor-version":[{"id":1685,"href":"https:\/\/al-climatisation.fr\/index.php\/wp-json\/wp\/v2\/pages\/1648\/revisions\/1685"}],"wp:attachment":[{"href":"https:\/\/al-climatisation.fr\/index.php\/wp-json\/wp\/v2\/media?parent=1648"}],"curies":[{"name":"wp","href":"https:\/\/api.w.org\/{rel}","templated":true}]}}