{"id":1520,"date":"2024-02-04T15:28:28","date_gmt":"2024-02-04T14:28:28","guid":{"rendered":"https:\/\/al-climatisation.fr\/?page_id=1520"},"modified":"2024-02-04T17:28:34","modified_gmt":"2024-02-04T16:28:34","slug":"pompe-a-chaleur-air-air-tertiaire","status":"publish","type":"page","link":"https:\/\/al-climatisation.fr\/index.php\/pompe-a-chaleur-air-air-tertiaire\/","title":{"rendered":"Pompe \u00e0 chaleur air\/air Tertiaire"},"content":{"rendered":"\n<div class=\"wp-block-cover is-light has-parallax\"><span aria-hidden=\"true\" class=\"wp-block-cover__background has-background-dim-20 has-background-dim\"><\/span><div role=\"img\" class=\"wp-block-cover__image-background wp-image-1533 has-parallax\" style=\"background-position:50% 50%;background-image:url(https:\/\/al-climatisation.fr\/wp-content\/uploads\/2024\/02\/roundflow-white-designer-panel-sky-air.jpeg)\"><\/div><div class=\"wp-block-cover__inner-container has-global-padding is-layout-constrained wp-block-cover-is-layout-constrained\">\n<h2 class=\"wp-block-heading has-text-align-center has-bg-color-color has-text-color has-link-color coblocks-animate wp-elements-068bca04ba26e4bfaa63b22ec3924faa\" data-coblocks-animation=\"fadeIn\">Pompe \u00e0 chaleur air\/air dans le Tertiaire<\/h2>\n<\/div><\/div>\n\n\n\n<hr class=\"wp-block-separator has-text-color has-foreground-color has-alpha-channel-opacity has-foreground-background-color has-background is-style-wide coblocks-animate\" data-coblocks-animation=\"fadeIn\"\/>\n\n\n\n<p class=\"has-text-align-center coblocks-animate\" data-coblocks-animation=\"fadeIn\">Mono-split <a href=\"https:\/\/www.lg.com\/fr\/business\/drv\/unites-interieures\/arnu28gtaa4\/\" target=\"_blank\" rel=\"noreferrer noopener\">LG avec une cassette 4 voies<\/a> pour une cellule commerciale<\/p>\n\n\n\n<div class=\"wp-block-jetpack-tiled-gallery aligncenter is-style-columns\"><div class=\"tiled-gallery__gallery\"><div class=\"tiled-gallery__row\"><div class=\"tiled-gallery__col\" style=\"flex-basis:50.00000%\"><figure class=\"tiled-gallery__item\"><img decoding=\"async\" srcset=\"https:\/\/i2.wp.com\/al-climatisation.fr\/wp-content\/uploads\/2024\/02\/IMG_7731-768x1024.jpg?strip=info&#038;w=600&#038;ssl=1 600w,https:\/\/i2.wp.com\/al-climatisation.fr\/wp-content\/uploads\/2024\/02\/IMG_7731-768x1024.jpg?strip=info&#038;w=900&#038;ssl=1 900w,https:\/\/i2.wp.com\/al-climatisation.fr\/wp-content\/uploads\/2024\/02\/IMG_7731-768x1024.jpg?strip=info&#038;w=1200&#038;ssl=1 1200w,https:\/\/i2.wp.com\/al-climatisation.fr\/wp-content\/uploads\/2024\/02\/IMG_7731-768x1024.jpg?strip=info&#038;w=1500&#038;ssl=1 1500w,https:\/\/i2.wp.com\/al-climatisation.fr\/wp-content\/uploads\/2024\/02\/IMG_7731-768x1024.jpg?strip=info&#038;w=1800&#038;ssl=1 1800w,https:\/\/i2.wp.com\/al-climatisation.fr\/wp-content\/uploads\/2024\/02\/IMG_7731-768x1024.jpg?strip=info&#038;w=1920&#038;ssl=1 1920w\" alt=\"\" data-height=\"2560\" data-id=\"1521\" data-link=\"https:\/\/al-climatisation.fr\/?attachment_id=1521\" data-url=\"https:\/\/al-climatisation.fr\/wp-content\/uploads\/2024\/02\/IMG_7731-768x1024.jpg\" data-width=\"1920\" src=\"https:\/\/i2.wp.com\/al-climatisation.fr\/wp-content\/uploads\/2024\/02\/IMG_7731-768x1024.jpg?ssl=1\" data-amp-layout=\"responsive\"\/><\/figure><\/div><div class=\"tiled-gallery__col\" style=\"flex-basis:50.00000%\"><figure class=\"tiled-gallery__item\"><img decoding=\"async\" srcset=\"https:\/\/i1.wp.com\/al-climatisation.fr\/wp-content\/uploads\/2024\/02\/IMG_7733-768x1024.jpg?strip=info&#038;w=600&#038;ssl=1 600w,https:\/\/i1.wp.com\/al-climatisation.fr\/wp-content\/uploads\/2024\/02\/IMG_7733-768x1024.jpg?strip=info&#038;w=900&#038;ssl=1 900w,https:\/\/i1.wp.com\/al-climatisation.fr\/wp-content\/uploads\/2024\/02\/IMG_7733-768x1024.jpg?strip=info&#038;w=1200&#038;ssl=1 1200w,https:\/\/i1.wp.com\/al-climatisation.fr\/wp-content\/uploads\/2024\/02\/IMG_7733-768x1024.jpg?strip=info&#038;w=1500&#038;ssl=1 1500w,https:\/\/i1.wp.com\/al-climatisation.fr\/wp-content\/uploads\/2024\/02\/IMG_7733-768x1024.jpg?strip=info&#038;w=1800&#038;ssl=1 1800w,https:\/\/i1.wp.com\/al-climatisation.fr\/wp-content\/uploads\/2024\/02\/IMG_7733-768x1024.jpg?strip=info&#038;w=1920&#038;ssl=1 1920w\" alt=\"\" data-height=\"2560\" data-id=\"1522\" data-link=\"https:\/\/al-climatisation.fr\/?attachment_id=1522\" data-url=\"https:\/\/al-climatisation.fr\/wp-content\/uploads\/2024\/02\/IMG_7733-768x1024.jpg\" data-width=\"1920\" src=\"https:\/\/i1.wp.com\/al-climatisation.fr\/wp-content\/uploads\/2024\/02\/IMG_7733-768x1024.jpg?ssl=1\" data-amp-layout=\"responsive\"\/><\/figure><\/div><\/div><\/div><\/div>\n\n\n\n<hr class=\"wp-block-separator has-text-color has-foreground-color has-alpha-channel-opacity has-foreground-background-color has-background is-style-wide coblocks-animate\" data-coblocks-animation=\"fadeIn\"\/>\n\n\n\n<p class=\"has-text-align-center\">Association r\u00e9ussie d&rsquo;une pompe \u00e0 chaleur air\/air <a href=\"https:\/\/www.daikin.fr\/fr_fr\/famille-produits\/sky-air.html\" target=\"_blank\" rel=\"noreferrer noopener\">Daikin<\/a> et d&rsquo;une ventilation par insufflation (VMI) dans un projet de micro-cr\u00e8che.  Nous avons opt\u00e9 pour un syst\u00e8me gainable assurant chauffage, refroidissement, et confort, avec une esth\u00e9tique soign\u00e9e gr\u00e2ce \u00e0 des bouches au plafond. Cette solution a permis d&rsquo;int\u00e9grer le renouvellement de l&rsquo;air dans toute la cr\u00e8che avec la VMI.<\/p>\n\n\n\n<p class=\"has-text-align-center\">La qualit\u00e9 de l&rsquo;air int\u00e9rieur \u00e9tant cruciale pour les ERP (\u00e9tablissements recevant du public), nous avons choisi la <a href=\"https:\/\/www.vmi-technologies.com\/gamme-vmi\/pro-1000\/\" target=\"_blank\" rel=\"noreferrer noopener\">VMI de la gamme PRO 1000<\/a>, sp\u00e9cialement con\u00e7ue pour ces environnements. L&rsquo;ajout d&rsquo;un capteur de CO2 assure une r\u00e9gulation automatique en fonction de l&rsquo;occupation, garantissant un air neuf, filtr\u00e9 et sain en permanence.<\/p>\n\n\n\n<p class=\"has-text-align-center\">Pour le syst\u00e8me gainable, l&rsquo;int\u00e9gration d&rsquo;un zoning <a href=\"https:\/\/www.airzonefrance.fr\/\" target=\"_blank\" rel=\"noreferrer noopener\">Airzone<\/a> permet une r\u00e9gulation de la temp\u00e9rature pi\u00e8ce par pi\u00e8ce, assurant un confort optimal adapt\u00e9 aux besoins sp\u00e9cifiques de chaque espace, que ce soit la pi\u00e8ce principale ou les dortoirs.<\/p>\n\n\n\n<div class=\"wp-block-jetpack-tiled-gallery aligncenter is-style-columns\"><div class=\"tiled-gallery__gallery\"><div class=\"tiled-gallery__row\"><div class=\"tiled-gallery__col\" style=\"flex-basis:13.09511%\"><figure class=\"tiled-gallery__item\"><img decoding=\"async\" srcset=\"https:\/\/i2.wp.com\/al-climatisation.fr\/wp-content\/uploads\/2024\/02\/IMG_1264-768x1024.jpg?strip=info&#038;w=600&#038;ssl=1 600w,https:\/\/i2.wp.com\/al-climatisation.fr\/wp-content\/uploads\/2024\/02\/IMG_1264-768x1024.jpg?strip=info&#038;w=900&#038;ssl=1 900w,https:\/\/i2.wp.com\/al-climatisation.fr\/wp-content\/uploads\/2024\/02\/IMG_1264-768x1024.jpg?strip=info&#038;w=1200&#038;ssl=1 1200w,https:\/\/i2.wp.com\/al-climatisation.fr\/wp-content\/uploads\/2024\/02\/IMG_1264-768x1024.jpg?strip=info&#038;w=1500&#038;ssl=1 1500w,https:\/\/i2.wp.com\/al-climatisation.fr\/wp-content\/uploads\/2024\/02\/IMG_1264-768x1024.jpg?strip=info&#038;w=1800&#038;ssl=1 1800w,https:\/\/i2.wp.com\/al-climatisation.fr\/wp-content\/uploads\/2024\/02\/IMG_1264-768x1024.jpg?strip=info&#038;w=1920&#038;ssl=1 1920w\" alt=\"\" data-height=\"2560\" data-id=\"1523\" data-link=\"https:\/\/al-climatisation.fr\/?attachment_id=1523\" data-url=\"https:\/\/al-climatisation.fr\/wp-content\/uploads\/2024\/02\/IMG_1264-768x1024.jpg\" data-width=\"1920\" src=\"https:\/\/i2.wp.com\/al-climatisation.fr\/wp-content\/uploads\/2024\/02\/IMG_1264-768x1024.jpg?ssl=1\" data-amp-layout=\"responsive\"\/><\/figure><figure class=\"tiled-gallery__item\"><img decoding=\"async\" srcset=\"https:\/\/i0.wp.com\/al-climatisation.fr\/wp-content\/uploads\/2024\/02\/IMG_2767-768x1024.jpg?strip=info&#038;w=600&#038;ssl=1 600w,https:\/\/i0.wp.com\/al-climatisation.fr\/wp-content\/uploads\/2024\/02\/IMG_2767-768x1024.jpg?strip=info&#038;w=900&#038;ssl=1 900w,https:\/\/i0.wp.com\/al-climatisation.fr\/wp-content\/uploads\/2024\/02\/IMG_2767-768x1024.jpg?strip=info&#038;w=1200&#038;ssl=1 1200w,https:\/\/i0.wp.com\/al-climatisation.fr\/wp-content\/uploads\/2024\/02\/IMG_2767-768x1024.jpg?strip=info&#038;w=1500&#038;ssl=1 1500w,https:\/\/i0.wp.com\/al-climatisation.fr\/wp-content\/uploads\/2024\/02\/IMG_2767-768x1024.jpg?strip=info&#038;w=1800&#038;ssl=1 1800w,https:\/\/i0.wp.com\/al-climatisation.fr\/wp-content\/uploads\/2024\/02\/IMG_2767-768x1024.jpg?strip=info&#038;w=1920&#038;ssl=1 1920w\" alt=\"\" data-height=\"2560\" data-id=\"1526\" data-link=\"https:\/\/al-climatisation.fr\/?attachment_id=1526\" data-url=\"https:\/\/al-climatisation.fr\/wp-content\/uploads\/2024\/02\/IMG_2767-768x1024.jpg\" data-width=\"1920\" src=\"https:\/\/i0.wp.com\/al-climatisation.fr\/wp-content\/uploads\/2024\/02\/IMG_2767-768x1024.jpg?ssl=1\" data-amp-layout=\"responsive\"\/><\/figure><figure class=\"tiled-gallery__item\"><img decoding=\"async\" srcset=\"https:\/\/i1.wp.com\/al-climatisation.fr\/wp-content\/uploads\/2024\/02\/IMG_1262-768x1024.jpg?strip=info&#038;w=600&#038;ssl=1 600w,https:\/\/i1.wp.com\/al-climatisation.fr\/wp-content\/uploads\/2024\/02\/IMG_1262-768x1024.jpg?strip=info&#038;w=900&#038;ssl=1 900w,https:\/\/i1.wp.com\/al-climatisation.fr\/wp-content\/uploads\/2024\/02\/IMG_1262-768x1024.jpg?strip=info&#038;w=1200&#038;ssl=1 1200w,https:\/\/i1.wp.com\/al-climatisation.fr\/wp-content\/uploads\/2024\/02\/IMG_1262-768x1024.jpg?strip=info&#038;w=1500&#038;ssl=1 1500w,https:\/\/i1.wp.com\/al-climatisation.fr\/wp-content\/uploads\/2024\/02\/IMG_1262-768x1024.jpg?strip=info&#038;w=1800&#038;ssl=1 1800w,https:\/\/i1.wp.com\/al-climatisation.fr\/wp-content\/uploads\/2024\/02\/IMG_1262-768x1024.jpg?strip=info&#038;w=1920&#038;ssl=1 1920w\" alt=\"\" data-height=\"2560\" data-id=\"1524\" data-link=\"https:\/\/al-climatisation.fr\/?attachment_id=1524\" data-url=\"https:\/\/al-climatisation.fr\/wp-content\/uploads\/2024\/02\/IMG_1262-768x1024.jpg\" data-width=\"1920\" src=\"https:\/\/i1.wp.com\/al-climatisation.fr\/wp-content\/uploads\/2024\/02\/IMG_1262-768x1024.jpg?ssl=1\" data-amp-layout=\"responsive\"\/><\/figure><\/div><div class=\"tiled-gallery__col\" style=\"flex-basis:16.90509%\"><figure class=\"tiled-gallery__item\"><img decoding=\"async\" srcset=\"https:\/\/i1.wp.com\/al-climatisation.fr\/wp-content\/uploads\/2024\/02\/IMG_1263-768x1024.jpg?strip=info&#038;w=600&#038;ssl=1 600w,https:\/\/i1.wp.com\/al-climatisation.fr\/wp-content\/uploads\/2024\/02\/IMG_1263-768x1024.jpg?strip=info&#038;w=900&#038;ssl=1 900w,https:\/\/i1.wp.com\/al-climatisation.fr\/wp-content\/uploads\/2024\/02\/IMG_1263-768x1024.jpg?strip=info&#038;w=1200&#038;ssl=1 1200w,https:\/\/i1.wp.com\/al-climatisation.fr\/wp-content\/uploads\/2024\/02\/IMG_1263-768x1024.jpg?strip=info&#038;w=1500&#038;ssl=1 1500w,https:\/\/i1.wp.com\/al-climatisation.fr\/wp-content\/uploads\/2024\/02\/IMG_1263-768x1024.jpg?strip=info&#038;w=1800&#038;ssl=1 1800w,https:\/\/i1.wp.com\/al-climatisation.fr\/wp-content\/uploads\/2024\/02\/IMG_1263-768x1024.jpg?strip=info&#038;w=1920&#038;ssl=1 1920w\" alt=\"\" data-height=\"2560\" data-id=\"1525\" data-link=\"https:\/\/al-climatisation.fr\/?attachment_id=1525\" data-url=\"https:\/\/al-climatisation.fr\/wp-content\/uploads\/2024\/02\/IMG_1263-768x1024.jpg\" data-width=\"1920\" src=\"https:\/\/i1.wp.com\/al-climatisation.fr\/wp-content\/uploads\/2024\/02\/IMG_1263-768x1024.jpg?ssl=1\" data-amp-layout=\"responsive\"\/><\/figure><figure class=\"tiled-gallery__item\"><img decoding=\"async\" srcset=\"https:\/\/i1.wp.com\/al-climatisation.fr\/wp-content\/uploads\/2024\/02\/IMG_0722-577x1024.jpg?strip=info&#038;w=600&#038;ssl=1 600w,https:\/\/i1.wp.com\/al-climatisation.fr\/wp-content\/uploads\/2024\/02\/IMG_0722-577x1024.jpg?strip=info&#038;w=900&#038;ssl=1 900w,https:\/\/i1.wp.com\/al-climatisation.fr\/wp-content\/uploads\/2024\/02\/IMG_0722-577x1024.jpg?strip=info&#038;w=1200&#038;ssl=1 1200w,https:\/\/i1.wp.com\/al-climatisation.fr\/wp-content\/uploads\/2024\/02\/IMG_0722-577x1024.jpg?strip=info&#038;w=1440&#038;ssl=1 1440w\" alt=\"\" data-height=\"2557\" data-id=\"1527\" data-link=\"https:\/\/al-climatisation.fr\/?attachment_id=1527\" data-url=\"https:\/\/al-climatisation.fr\/wp-content\/uploads\/2024\/02\/IMG_0722-577x1024.jpg\" data-width=\"1440\" src=\"https:\/\/i1.wp.com\/al-climatisation.fr\/wp-content\/uploads\/2024\/02\/IMG_0722-577x1024.jpg?ssl=1\" data-amp-layout=\"responsive\"\/><\/figure><\/div><div class=\"tiled-gallery__col\" style=\"flex-basis:69.99980%\"><figure class=\"tiled-gallery__item\"><img decoding=\"async\" srcset=\"https:\/\/i1.wp.com\/al-climatisation.fr\/wp-content\/uploads\/2024\/02\/IMG_1255-1024x768.jpg?strip=info&#038;w=600&#038;ssl=1 600w,https:\/\/i1.wp.com\/al-climatisation.fr\/wp-content\/uploads\/2024\/02\/IMG_1255-1024x768.jpg?strip=info&#038;w=900&#038;ssl=1 900w,https:\/\/i1.wp.com\/al-climatisation.fr\/wp-content\/uploads\/2024\/02\/IMG_1255-1024x768.jpg?strip=info&#038;w=1200&#038;ssl=1 1200w,https:\/\/i1.wp.com\/al-climatisation.fr\/wp-content\/uploads\/2024\/02\/IMG_1255-1024x768.jpg?strip=info&#038;w=1500&#038;ssl=1 1500w,https:\/\/i1.wp.com\/al-climatisation.fr\/wp-content\/uploads\/2024\/02\/IMG_1255-1024x768.jpg?strip=info&#038;w=1800&#038;ssl=1 1800w,https:\/\/i1.wp.com\/al-climatisation.fr\/wp-content\/uploads\/2024\/02\/IMG_1255-1024x768.jpg?strip=info&#038;w=2000&#038;ssl=1 2000w\" alt=\"\" data-height=\"1920\" data-id=\"1528\" data-link=\"https:\/\/al-climatisation.fr\/?attachment_id=1528\" data-url=\"https:\/\/al-climatisation.fr\/wp-content\/uploads\/2024\/02\/IMG_1255-1024x768.jpg\" data-width=\"2560\" src=\"https:\/\/i1.wp.com\/al-climatisation.fr\/wp-content\/uploads\/2024\/02\/IMG_1255-1024x768.jpg?ssl=1\" data-amp-layout=\"responsive\"\/><\/figure><\/div><\/div><\/div><\/div>\n\n\n\n<hr class=\"wp-block-separator has-text-color has-foreground-color has-alpha-channel-opacity has-foreground-background-color has-background is-style-wide coblocks-animate\" data-coblocks-animation=\"fadeIn\"\/>\n","protected":false},"excerpt":{"rendered":"<p>Mono-split LG avec une cassette 4 voies pour une cellule commerciale Association r\u00e9ussie d&rsquo;une pompe \u00e0 chaleur air\/air Daikin et d&rsquo;une ventilation par insufflation (VMI) dans un projet de micro-cr\u00e8che. Nous avons opt\u00e9 pour un syst\u00e8me gainable assurant chauffage, refroidissement, et confort, avec une esth\u00e9tique soign\u00e9e gr\u00e2ce \u00e0 des bouches au plafond. Cette solution a [&hellip;]<\/p>\n","protected":false},"author":1,"featured_media":0,"parent":0,"menu_order":0,"comment_status":"closed","ping_status":"closed","template":"","meta":{"_coblocks_attr":"","_coblocks_dimensions":"","_coblocks_responsive_height":"","_coblocks_accordion_ie_support":"","footnotes":""},"class_list":["post-1520","page","type-page","status-publish","hentry"],"yoast_head":"<!-- This site is optimized with the Yoast SEO plugin v24.9 - https:\/\/yoast.com\/wordpress\/plugins\/seo\/ -->\n<title>Pompe \u00e0 chaleur air\/air Tertiaire - AL CLIMATISATION<\/title>\n<meta name=\"robots\" content=\"index, follow, max-snippet:-1, max-image-preview:large, max-video-preview:-1\" \/>\n<link rel=\"canonical\" href=\"https:\/\/al-climatisation.fr\/index.php\/pompe-a-chaleur-air-air-tertiaire\/\" \/>\n<meta property=\"og:locale\" content=\"fr_FR\" \/>\n<meta property=\"og:type\" content=\"article\" \/>\n<meta property=\"og:title\" content=\"Pompe \u00e0 chaleur air\/air Tertiaire - AL CLIMATISATION\" \/>\n<meta property=\"og:description\" content=\"Mono-split LG avec une cassette 4 voies pour une cellule commerciale Association r\u00e9ussie d&rsquo;une pompe \u00e0 chaleur air\/air Daikin et d&rsquo;une ventilation par insufflation (VMI) dans un projet de micro-cr\u00e8che. Nous avons opt\u00e9 pour un syst\u00e8me gainable assurant chauffage, refroidissement, et confort, avec une esth\u00e9tique soign\u00e9e gr\u00e2ce \u00e0 des bouches au plafond. Cette solution a [&hellip;]\" \/>\n<meta property=\"og:url\" content=\"https:\/\/al-climatisation.fr\/index.php\/pompe-a-chaleur-air-air-tertiaire\/\" \/>\n<meta property=\"og:site_name\" content=\"AL CLIMATISATION\" \/>\n<meta property=\"article:publisher\" content=\"https:\/\/www.facebook.com\/profile.php?id=100083103140325\" \/>\n<meta property=\"article:modified_time\" content=\"2024-02-04T16:28:34+00:00\" \/>\n<meta property=\"og:image\" content=\"https:\/\/i2.wp.com\/al-climatisation.fr\/wp-content\/uploads\/2024\/02\/IMG_7731-768x1024.jpg?ssl=1\" \/>\n<meta name=\"twitter:card\" content=\"summary_large_image\" \/>\n<meta name=\"twitter:label1\" content=\"Dur\u00e9e de lecture estim\u00e9e\" \/>\n\t<meta name=\"twitter:data1\" content=\"3 minutes\" \/>\n<script type=\"application\/ld+json\" class=\"yoast-schema-graph\">{\"@context\":\"https:\/\/schema.org\",\"@graph\":[{\"@type\":\"WebPage\",\"@id\":\"https:\/\/al-climatisation.fr\/index.php\/pompe-a-chaleur-air-air-tertiaire\/\",\"url\":\"https:\/\/al-climatisation.fr\/index.php\/pompe-a-chaleur-air-air-tertiaire\/\",\"name\":\"Pompe \u00e0 chaleur air\/air Tertiaire - AL CLIMATISATION\",\"isPartOf\":{\"@id\":\"https:\/\/al-climatisation.fr\/#website\"},\"primaryImageOfPage\":{\"@id\":\"https:\/\/al-climatisation.fr\/index.php\/pompe-a-chaleur-air-air-tertiaire\/#primaryimage\"},\"image\":{\"@id\":\"https:\/\/al-climatisation.fr\/index.php\/pompe-a-chaleur-air-air-tertiaire\/#primaryimage\"},\"thumbnailUrl\":\"https:\/\/i2.wp.com\/al-climatisation.fr\/wp-content\/uploads\/2024\/02\/IMG_7731-768x1024.jpg?ssl=1\",\"datePublished\":\"2024-02-04T14:28:28+00:00\",\"dateModified\":\"2024-02-04T16:28:34+00:00\",\"breadcrumb\":{\"@id\":\"https:\/\/al-climatisation.fr\/index.php\/pompe-a-chaleur-air-air-tertiaire\/#breadcrumb\"},\"inLanguage\":\"fr-FR\",\"potentialAction\":[{\"@type\":\"ReadAction\",\"target\":[\"https:\/\/al-climatisation.fr\/index.php\/pompe-a-chaleur-air-air-tertiaire\/\"]}]},{\"@type\":\"ImageObject\",\"inLanguage\":\"fr-FR\",\"@id\":\"https:\/\/al-climatisation.fr\/index.php\/pompe-a-chaleur-air-air-tertiaire\/#primaryimage\",\"url\":\"https:\/\/i2.wp.com\/al-climatisation.fr\/wp-content\/uploads\/2024\/02\/IMG_7731-768x1024.jpg?ssl=1\",\"contentUrl\":\"https:\/\/i2.wp.com\/al-climatisation.fr\/wp-content\/uploads\/2024\/02\/IMG_7731-768x1024.jpg?ssl=1\"},{\"@type\":\"BreadcrumbList\",\"@id\":\"https:\/\/al-climatisation.fr\/index.php\/pompe-a-chaleur-air-air-tertiaire\/#breadcrumb\",\"itemListElement\":[{\"@type\":\"ListItem\",\"position\":1,\"name\":\"Accueil\",\"item\":\"https:\/\/al-climatisation.fr\/\"},{\"@type\":\"ListItem\",\"position\":2,\"name\":\"Pompe \u00e0 chaleur air\/air Tertiaire\"}]},{\"@type\":\"WebSite\",\"@id\":\"https:\/\/al-climatisation.fr\/#website\",\"url\":\"https:\/\/al-climatisation.fr\/\",\"name\":\"AL CLIMATISATION\",\"description\":\"Expert pour vos pompes \u00e0 chaleur\",\"publisher\":{\"@id\":\"https:\/\/al-climatisation.fr\/#organization\"},\"potentialAction\":[{\"@type\":\"SearchAction\",\"target\":{\"@type\":\"EntryPoint\",\"urlTemplate\":\"https:\/\/al-climatisation.fr\/?s={search_term_string}\"},\"query-input\":{\"@type\":\"PropertyValueSpecification\",\"valueRequired\":true,\"valueName\":\"search_term_string\"}}],\"inLanguage\":\"fr-FR\"},{\"@type\":\"Organization\",\"@id\":\"https:\/\/al-climatisation.fr\/#organization\",\"name\":\"AL CLIMATISATION\",\"url\":\"https:\/\/al-climatisation.fr\/\",\"logo\":{\"@type\":\"ImageObject\",\"inLanguage\":\"fr-FR\",\"@id\":\"https:\/\/al-climatisation.fr\/#\/schema\/logo\/image\/\",\"url\":\"https:\/\/al-climatisation.fr\/wp-content\/uploads\/2022\/08\/cropped-IMG_1307-1.png\",\"contentUrl\":\"https:\/\/al-climatisation.fr\/wp-content\/uploads\/2022\/08\/cropped-IMG_1307-1.png\",\"width\":2475,\"height\":2475,\"caption\":\"AL CLIMATISATION\"},\"image\":{\"@id\":\"https:\/\/al-climatisation.fr\/#\/schema\/logo\/image\/\"},\"sameAs\":[\"https:\/\/www.facebook.com\/profile.php?id=100083103140325\",\"https:\/\/instagram.com\/Al.climatisation\",\"https:\/\/www.linkedin.com\/company\/al-climatisation\/\"]}]}<\/script>\n<!-- \/ Yoast SEO plugin. -->","yoast_head_json":{"title":"Pompe \u00e0 chaleur air\/air Tertiaire - AL CLIMATISATION","robots":{"index":"index","follow":"follow","max-snippet":"max-snippet:-1","max-image-preview":"max-image-preview:large","max-video-preview":"max-video-preview:-1"},"canonical":"https:\/\/al-climatisation.fr\/index.php\/pompe-a-chaleur-air-air-tertiaire\/","og_locale":"fr_FR","og_type":"article","og_title":"Pompe \u00e0 chaleur air\/air Tertiaire - AL CLIMATISATION","og_description":"Mono-split LG avec une cassette 4 voies pour une cellule commerciale Association r\u00e9ussie d&rsquo;une pompe \u00e0 chaleur air\/air Daikin et d&rsquo;une ventilation par insufflation (VMI) dans un projet de micro-cr\u00e8che. Nous avons opt\u00e9 pour un syst\u00e8me gainable assurant chauffage, refroidissement, et confort, avec une esth\u00e9tique soign\u00e9e gr\u00e2ce \u00e0 des bouches au plafond. Cette solution a [&hellip;]","og_url":"https:\/\/al-climatisation.fr\/index.php\/pompe-a-chaleur-air-air-tertiaire\/","og_site_name":"AL CLIMATISATION","article_publisher":"https:\/\/www.facebook.com\/profile.php?id=100083103140325","article_modified_time":"2024-02-04T16:28:34+00:00","og_image":[{"url":"https:\/\/i2.wp.com\/al-climatisation.fr\/wp-content\/uploads\/2024\/02\/IMG_7731-768x1024.jpg?ssl=1","type":"","width":"","height":""}],"twitter_card":"summary_large_image","twitter_misc":{"Dur\u00e9e de lecture estim\u00e9e":"3 minutes"},"schema":{"@context":"https:\/\/schema.org","@graph":[{"@type":"WebPage","@id":"https:\/\/al-climatisation.fr\/index.php\/pompe-a-chaleur-air-air-tertiaire\/","url":"https:\/\/al-climatisation.fr\/index.php\/pompe-a-chaleur-air-air-tertiaire\/","name":"Pompe \u00e0 chaleur air\/air Tertiaire - AL CLIMATISATION","isPartOf":{"@id":"https:\/\/al-climatisation.fr\/#website"},"primaryImageOfPage":{"@id":"https:\/\/al-climatisation.fr\/index.php\/pompe-a-chaleur-air-air-tertiaire\/#primaryimage"},"image":{"@id":"https:\/\/al-climatisation.fr\/index.php\/pompe-a-chaleur-air-air-tertiaire\/#primaryimage"},"thumbnailUrl":"https:\/\/i2.wp.com\/al-climatisation.fr\/wp-content\/uploads\/2024\/02\/IMG_7731-768x1024.jpg?ssl=1","datePublished":"2024-02-04T14:28:28+00:00","dateModified":"2024-02-04T16:28:34+00:00","breadcrumb":{"@id":"https:\/\/al-climatisation.fr\/index.php\/pompe-a-chaleur-air-air-tertiaire\/#breadcrumb"},"inLanguage":"fr-FR","potentialAction":[{"@type":"ReadAction","target":["https:\/\/al-climatisation.fr\/index.php\/pompe-a-chaleur-air-air-tertiaire\/"]}]},{"@type":"ImageObject","inLanguage":"fr-FR","@id":"https:\/\/al-climatisation.fr\/index.php\/pompe-a-chaleur-air-air-tertiaire\/#primaryimage","url":"https:\/\/i2.wp.com\/al-climatisation.fr\/wp-content\/uploads\/2024\/02\/IMG_7731-768x1024.jpg?ssl=1","contentUrl":"https:\/\/i2.wp.com\/al-climatisation.fr\/wp-content\/uploads\/2024\/02\/IMG_7731-768x1024.jpg?ssl=1"},{"@type":"BreadcrumbList","@id":"https:\/\/al-climatisation.fr\/index.php\/pompe-a-chaleur-air-air-tertiaire\/#breadcrumb","itemListElement":[{"@type":"ListItem","position":1,"name":"Accueil","item":"https:\/\/al-climatisation.fr\/"},{"@type":"ListItem","position":2,"name":"Pompe \u00e0 chaleur air\/air Tertiaire"}]},{"@type":"WebSite","@id":"https:\/\/al-climatisation.fr\/#website","url":"https:\/\/al-climatisation.fr\/","name":"AL CLIMATISATION","description":"Expert pour vos pompes \u00e0 chaleur","publisher":{"@id":"https:\/\/al-climatisation.fr\/#organization"},"potentialAction":[{"@type":"SearchAction","target":{"@type":"EntryPoint","urlTemplate":"https:\/\/al-climatisation.fr\/?s={search_term_string}"},"query-input":{"@type":"PropertyValueSpecification","valueRequired":true,"valueName":"search_term_string"}}],"inLanguage":"fr-FR"},{"@type":"Organization","@id":"https:\/\/al-climatisation.fr\/#organization","name":"AL CLIMATISATION","url":"https:\/\/al-climatisation.fr\/","logo":{"@type":"ImageObject","inLanguage":"fr-FR","@id":"https:\/\/al-climatisation.fr\/#\/schema\/logo\/image\/","url":"https:\/\/al-climatisation.fr\/wp-content\/uploads\/2022\/08\/cropped-IMG_1307-1.png","contentUrl":"https:\/\/al-climatisation.fr\/wp-content\/uploads\/2022\/08\/cropped-IMG_1307-1.png","width":2475,"height":2475,"caption":"AL CLIMATISATION"},"image":{"@id":"https:\/\/al-climatisation.fr\/#\/schema\/logo\/image\/"},"sameAs":["https:\/\/www.facebook.com\/profile.php?id=100083103140325","https:\/\/instagram.com\/Al.climatisation","https:\/\/www.linkedin.com\/company\/al-climatisation\/"]}]}},"jetpack_sharing_enabled":true,"_links":{"self":[{"href":"https:\/\/al-climatisation.fr\/index.php\/wp-json\/wp\/v2\/pages\/1520"}],"collection":[{"href":"https:\/\/al-climatisation.fr\/index.php\/wp-json\/wp\/v2\/pages"}],"about":[{"href":"https:\/\/al-climatisation.fr\/index.php\/wp-json\/wp\/v2\/types\/page"}],"author":[{"embeddable":true,"href":"https:\/\/al-climatisation.fr\/index.php\/wp-json\/wp\/v2\/users\/1"}],"replies":[{"embeddable":true,"href":"https:\/\/al-climatisation.fr\/index.php\/wp-json\/wp\/v2\/comments?post=1520"}],"version-history":[{"count":2,"href":"https:\/\/al-climatisation.fr\/index.php\/wp-json\/wp\/v2\/pages\/1520\/revisions"}],"predecessor-version":[{"id":1647,"href":"https:\/\/al-climatisation.fr\/index.php\/wp-json\/wp\/v2\/pages\/1520\/revisions\/1647"}],"wp:attachment":[{"href":"https:\/\/al-climatisation.fr\/index.php\/wp-json\/wp\/v2\/media?parent=1520"}],"curies":[{"name":"wp","href":"https:\/\/api.w.org\/{rel}","templated":true}]}}